{"id":1044,"date":"2021-03-29T16:59:37","date_gmt":"2021-03-29T14:59:37","guid":{"rendered":"https:\/\/ngt-live.de\/?page_id=1044"},"modified":"2025-04-12T07:38:46","modified_gmt":"2025-04-12T05:38:46","slug":"impressum","status":"publish","type":"page","link":"https:\/\/nextalgos.de\/en\/impressum\/","title":{"rendered":"Impressum"},"content":{"rendered":"<div class=\"fusion-fullwidth fullwidth-box fusion-builder-row-1 fusion-flex-container nonhundred-percent-fullwidth non-hundred-percent-height-scrolling\" style=\"--awb-border-radius-top-left:0px;--awb-border-radius-top-right:0px;--awb-border-radius-bottom-right:0px;--awb-border-radius-bottom-left:0px;--awb-flex-wrap:wrap;\" ><div class=\"fusion-builder-row fusion-row fusion-flex-align-items-flex-start fusion-flex-content-wrap\" style=\"max-width:1216.8px;margin-left: calc(-4% \/ 2 );margin-right: calc(-4% \/ 2 );\"><div class=\"fusion-layout-column fusion_builder_column fusion-builder-column-0 fusion_builder_column_1_1 1_1 fusion-flex-column\" style=\"--awb-bg-size:cover;--awb-width-large:100%;--awb-margin-top-large:0px;--awb-spacing-right-large:1.92%;--awb-margin-bottom-large:20px;--awb-spacing-left-large:1.92%;--awb-width-medium:100%;--awb-order-medium:0;--awb-spacing-right-medium:1.92%;--awb-spacing-left-medium:1.92%;--awb-width-small:100%;--awb-order-small:0;--awb-spacing-right-small:1.92%;--awb-spacing-left-small:1.92%;\"><div class=\"fusion-column-wrapper fusion-column-has-shadow fusion-flex-justify-content-flex-start fusion-content-layout-column\"><div class=\"fusion-text fusion-text-1\"><h3 class=\"fusion-responsive-typography-calculated\" data-fontsize=\"30\" data-lineheight=\"39px\"><strong>nextalgos\u2122<\/strong><\/h3>\n<p><span style=\"background-color: rgba(255, 255, 255, 0); color: var(--body_typography-color); font-family: var(--body_typography-font-family); font-size: var(--body_typography-font-size); font-style: var(--body_typography-font-style,normal); font-weight: var(--body_typography-font-weight); letter-spacing: var(--body_typography-letter-spacing);\">Moralis Invest Ltd.<\/span><br \/>\n56E ARCHIEPISKOPOU MAKARIOU III<br \/>\nNicosia\/Lefkosia<br \/>\n2107 Cyprus<\/p>\n<p>Legal Entity Identifier (LEI): 549300C4OVLISN1Y1250<\/p>\n<p>Registergericht: Zypern<br \/>\nHandelsregister-Nr. \u0397\u0395 397728<\/p>\n<p>Email: info@nextalgos.de<\/p>\n<\/div><div class=\"fusion-text fusion-text-2\"><p>1. INHALT DES ONLINEANGEBOTS<\/p>\n<p>Die Autoren \u00fcbernehmen keinerlei Gew\u00e4hr f\u00fcr die Aktualit\u00e4t, Korrektheit, Vollst\u00e4ndigkeit oder Qualit\u00e4t der bereitgestellten Informationen. Haftungsanspr\u00fcche gegen die Autoren, welche sich auf Sch\u00e4den materieller oder ideeller Art beziehen, die durch die Nutzung oder Nichtnutzung der dargebotenen Informationen bzw. durch die Nutzung fehlerhafter und unvollst\u00e4ndiger Informationen verursacht wurden sind grunds\u00e4tzlich ausgeschlossen, sofern seitens der Autoren kein nachweislich vors\u00e4tzliches oder grob fahrl\u00e4ssiges Verschulden vorliegt. Alle Angebote sind freibleibend und unverbindlich. Die Autoren behalten es sich ausdr\u00fccklich vor, Teile der Seiten oder das gesamte Angebot ohne gesonderte Ank\u00fcndigung zu ver\u00e4ndern, zu erg\u00e4nzen, zu l\u00f6schen oder die Ver\u00f6ffentlichung zeitweise oder endg\u00fcltig einzustellen.<\/p>\n<p>2. VERWEISE UND LINKS<\/p>\n<p>Bei direkten oder indirekten Verweisen auf fremde Internetseiten (\u201dLinks\u201d), die au\u00dferhalb des Verantwortungsbereiches der Autoren liegen, w\u00fcrde eine Haftungsverpflichtung ausschlie\u00dflich in dem Fall in Kraft treten, in dem die Autoren von den Inhalten Kenntnis haben und es ihnen technisch m\u00f6glich und zumutbar w\u00e4re, die Nutzung im Falle rechtswidriger Inhalte zu verhindern. Die Autoren erkl\u00e4ren daher ausdr\u00fccklich, dass zum Zeitpunkt der Linksetzung die entsprechenden verlinkten Seiten frei von illegalen Inhalten waren. Die Autoren haben keinerlei Einfluss auf die aktuelle und zuk\u00fcnftige Gestaltung und auf die Inhalte der gelinkten\/verkn\u00fcpften Seiten. Deshalb distanzieren sie sich hiermit ausdr\u00fccklich von allen Inhalten aller gelinkten\/verkn\u00fcpften Seiten, die nach der Linksetzung ver\u00e4ndert wurden. Diese Feststellung gilt f\u00fcr alle innerhalb des eigenen Internetangebotes gesetzten Links und Verweise sowie f\u00fcr Fremdeintr\u00e4ge in von den Autoren eingerichteten G\u00e4steb\u00fcchern, Diskussionsforen und Mailinglisten. F\u00fcr illegale, fehlerhafte oder unvollst\u00e4ndige Inhalte und insbesondere f\u00fcr Sch\u00e4den, die aus der Nutzung oder Nichtnutzung solcherart dargebotener Informationen entstehen, haftet allein der Anbieter der Seite, auf welche verwiesen wurde, nicht derjenige, der \u00fcber Links auf die jeweilige Ver\u00f6ffentlichung lediglich verweist.<\/p>\n<p>3. URHEBER- UND KENNZEICHENRECHT<\/p>\n<p>Die Autoren sind bestrebt, in allen Publikationen die Urheberrechte der verwendeten Grafiken, Tondokumente, Videosequenzen und Texte zu beachten, von ihnen selbst erstellte Grafiken, Tondokumente, Videosequenzen und Texte zu nutzen oder auf lizenzfreie Grafiken, Tondokumente, Videosequenzen und Texte zur\u00fcckzugreifen. Alle innerhalb des Internetangebotes genannten und ggf. durch Dritte gesch\u00fctzten Marken- und Warenzeichen unterliegen uneingeschr\u00e4nkt den Bestimmungen des jeweils g\u00fcltigen Kennzeichenrechts und den Besitzrechten der jeweiligen eingetragenen Eigent\u00fcmer. Allein aufgrund der blo\u00dfen Nennung ist nicht der Schlu\u00df zu ziehen, dass Markenzeichen nicht durch Rechte Dritter gesch\u00fctzt sind! Das Copyright f\u00fcr ver\u00f6ffentlichte, von den Autoren selbst erstellte Objekte bleibt allein bei den Autoren der Seiten. Eine Vervielf\u00e4ltigung oder Verwendung solcher Grafiken, Tondokumente, Videosequenzen und Texte in anderen elektronischen oder gedruckten Publikationen ist ohne ausdr\u00fcckliche Zustimmung der Autoren nicht gestattet.<\/p>\n<p>4. DATENSCHUTZ<\/p>\n<p>Sofern innerhalb des Internetangebotes die M\u00f6glichkeit zur Eingabe pers\u00f6nlicher oder gesch\u00e4ftlicher Daten (Emailadressen, Namen, Anschriften) besteht, so erfolgt die Preisgabe dieser Daten seitens des Nutzers auf ausdr\u00fccklich freiwilliger Basis. Die Inanspruchnahme und Bezahlung aller angebotenen Dienste ist &#8211; soweit technisch m\u00f6glich und zumutbar &#8211; auch ohne Angabe solcher Daten bzw. unter Angabe anonymisierter Daten oder eines Pseudonyms gestattet. Die detaillierte Datenschutzerkl\u00e4rung finden Sie hier.<\/p>\n<p>5. RECHTSWIRKSAMKEIT DIESES HAFTUNGSAUSSCHLUSSES<\/p>\n<p>Dieser Haftungsausschluss ist als Teil des Internetangebotes zu betrachten, von dem aus auf diese Seite verwiesen wurde. Sofern Teile oder einzelne Formulierungen dieses Textes der geltenden Rechtslage nicht, nicht mehr oder nicht vollst\u00e4ndig entsprechen sollten, bleiben die \u00fcbrigen Teile des Dokumentes in ihrem Inhalt und ihrer G\u00fcltigkeit davon unber\u00fchrt.<\/p>\n<p>6. KEINE ABMAHNUNG OHNE VORHERIGEN KONTAKT<\/p>\n<p>Sollte irgendwelcher Inhalt oder die designtechnische Gestaltung einzelner Seiten oder Teile dieses Onlineportals fremde Rechte Dritter oder gesetzliche Bestimmungen verletzen der anderweitig in irgendeiner Form wettbewerbsrechtliche Probleme hervorbringen, so bitten wir unter Berufung auf \u00a7 8 Abs. 4 UWG, um eine angemessene, ausreichend erl\u00e4uternde und schnelle Nachricht ohne Kostennote.<\/p>\n<p>Wir garantieren, dass die zu Recht beanstandeten Passagen oder Teile dieser Webseiten in angemessener Frist entfernt bzw. den rechtlichen Vorgaben umf\u00e4nglich angepasst werden, ohne dass von Ihrer Seite die Einschaltung eines Rechtsbeistandes erforderlich ist.<\/p>\n<p>Die Einschaltung eines Anwaltes, zur f\u00fcr den Diensteanbieter kostenpflichtigen Abmahnung, entspricht nicht dessen wirklichen oder mutma\u00dflichen Willen und w\u00fcrde damit einen Verstoss gegen \u00a7 13 Abs. 5 UWG, wegen der Verfolgung sachfremder Ziele als beherrschendes Motiv der Verfahrenseinleitung, insbesondere einer Kostenerzielungsabsicht als eigentliche Triebfeder, sowie einen Versto\u00df gegen die Schadensminderungspflicht darstellen.<\/p>\n<\/div><\/div><\/div><\/div><\/div>","protected":false},"excerpt":{"rendered":"","protected":false},"author":1,"featured_media":0,"parent":0,"menu_order":0,"comment_status":"closed","ping_status":"closed","template":"","meta":{"pmpro_default_level":"","footnotes":""},"class_list":["post-1044","page","type-page","status-publish","hentry","pmpro-has-access"],"yoast_head":"<!-- This site is optimized with the Yoast SEO plugin v23.4 - https:\/\/yoast.com\/wordpress\/plugins\/seo\/ -->\n<title>Impressum - nextalgos\u2122<\/title>\n<meta name=\"description\" content=\"nextalgos\u2122 - Moralis Invest Ltd.56E ARCHIEPISKOPOU MAKARIOU III Nicosia\/Lefkosia2107 Cyprus\" \/>\n<meta name=\"robots\" content=\"index, follow, max-snippet:-1, max-image-preview:large, max-video-preview:-1\" \/>\n<link rel=\"canonical\" href=\"https:\/\/nextalgos.de\/en\/impressum\/\" \/>\n<meta property=\"og:locale\" content=\"en_GB\" \/>\n<meta property=\"og:type\" content=\"article\" \/>\n<meta property=\"og:title\" content=\"Impressum - nextalgos\u2122\" \/>\n<meta property=\"og:description\" content=\"nextalgos\u2122 - Moralis Invest Ltd.56E ARCHIEPISKOPOU MAKARIOU III Nicosia\/Lefkosia2107 Cyprus\" \/>\n<meta property=\"og:url\" content=\"https:\/\/nextalgos.de\/en\/impressum\/\" \/>\n<meta property=\"og:site_name\" content=\"nextalgos | Ihr Tor zu nachhaltig besseren Handelsergebnissen\" \/>\n<meta property=\"article:modified_time\" content=\"2025-04-12T05:38:46+00:00\" \/>\n<meta name=\"twitter:card\" content=\"summary_large_image\" \/>\n<meta name=\"twitter:site\" content=\"@new_gen_trading\" \/>\n<meta name=\"twitter:label1\" content=\"Estimated reading time\" \/>\n\t<meta name=\"twitter:data1\" content=\"4 minutes\" \/>\n<script type=\"application\/ld+json\" class=\"yoast-schema-graph\">{\"@context\":\"https:\/\/schema.org\",\"@graph\":[{\"@type\":\"WebPage\",\"@id\":\"https:\/\/nextalgos.de\/impressum\/\",\"url\":\"https:\/\/nextalgos.de\/impressum\/\",\"name\":\"Impressum - nextalgos\u2122\",\"isPartOf\":{\"@id\":\"https:\/\/nextalgos.de\/#website\"},\"datePublished\":\"2021-03-29T14:59:37+00:00\",\"dateModified\":\"2025-04-12T05:38:46+00:00\",\"description\":\"nextalgos\u2122 - Moralis Invest Ltd.56E ARCHIEPISKOPOU MAKARIOU III Nicosia\/Lefkosia2107 Cyprus\",\"breadcrumb\":{\"@id\":\"https:\/\/nextalgos.de\/impressum\/#breadcrumb\"},\"inLanguage\":\"en-GB\",\"potentialAction\":[{\"@type\":\"ReadAction\",\"target\":[\"https:\/\/nextalgos.de\/impressum\/\"]}]},{\"@type\":\"BreadcrumbList\",\"@id\":\"https:\/\/nextalgos.de\/impressum\/#breadcrumb\",\"itemListElement\":[{\"@type\":\"ListItem\",\"position\":1,\"name\":\"Startseite\",\"item\":\"https:\/\/nextalgos.de\/\"},{\"@type\":\"ListItem\",\"position\":2,\"name\":\"Impressum\"}]},{\"@type\":\"WebSite\",\"@id\":\"https:\/\/nextalgos.de\/#website\",\"url\":\"https:\/\/nextalgos.de\/\",\"name\":\"nextalgos | Ihr Tor zu nachhaltig besseren Handelsergebnissen\",\"description\":\"Fortschrittliche Handelssysteme auf institutionellem Niveau\",\"publisher\":{\"@id\":\"https:\/\/nextalgos.de\/#organization\"},\"alternateName\":\"New Generation Trading - automatisierte Handelssysteme\",\"potentialAction\":[{\"@type\":\"SearchAction\",\"target\":{\"@type\":\"EntryPoint\",\"urlTemplate\":\"https:\/\/nextalgos.de\/?s={search_term_string}\"},\"query-input\":{\"@type\":\"PropertyValueSpecification\",\"valueRequired\":true,\"valueName\":\"search_term_string\"}}],\"inLanguage\":\"en-GB\"},{\"@type\":\"Organization\",\"@id\":\"https:\/\/nextalgos.de\/#organization\",\"name\":\"Nextalgos\",\"url\":\"https:\/\/nextalgos.de\/\",\"logo\":{\"@type\":\"ImageObject\",\"inLanguage\":\"en-GB\",\"@id\":\"https:\/\/nextalgos.de\/#\/schema\/logo\/image\/\",\"url\":\"\",\"contentUrl\":\"\",\"caption\":\"Nextalgos\"},\"image\":{\"@id\":\"https:\/\/nextalgos.de\/#\/schema\/logo\/image\/\"},\"sameAs\":[\"https:\/\/x.com\/new_gen_trading\",\"https:\/\/www.instagram.com\/newgenerationTrading.eu\"]}]}<\/script>\n<!-- \/ Yoast SEO plugin. -->","yoast_head_json":{"title":"Impressum - nextalgos\u2122","description":"nextalgos\u2122 - Moralis Invest Ltd.56E ARCHIEPISKOPOU MAKARIOU III Nicosia\/Lefkosia2107 Cyprus","robots":{"index":"index","follow":"follow","max-snippet":"max-snippet:-1","max-image-preview":"max-image-preview:large","max-video-preview":"max-video-preview:-1"},"canonical":"https:\/\/nextalgos.de\/en\/impressum\/","og_locale":"en_GB","og_type":"article","og_title":"Impressum - nextalgos\u2122","og_description":"nextalgos\u2122 - Moralis Invest Ltd.56E ARCHIEPISKOPOU MAKARIOU III Nicosia\/Lefkosia2107 Cyprus","og_url":"https:\/\/nextalgos.de\/en\/impressum\/","og_site_name":"nextalgos | Ihr Tor zu nachhaltig besseren Handelsergebnissen","article_modified_time":"2025-04-12T05:38:46+00:00","twitter_card":"summary_large_image","twitter_site":"@new_gen_trading","twitter_misc":{"Estimated reading time":"4 minutes"},"schema":{"@context":"https:\/\/schema.org","@graph":[{"@type":"WebPage","@id":"https:\/\/nextalgos.de\/impressum\/","url":"https:\/\/nextalgos.de\/impressum\/","name":"Impressum - nextalgos\u2122","isPartOf":{"@id":"https:\/\/nextalgos.de\/#website"},"datePublished":"2021-03-29T14:59:37+00:00","dateModified":"2025-04-12T05:38:46+00:00","description":"nextalgos\u2122 - Moralis Invest Ltd.56E ARCHIEPISKOPOU MAKARIOU III Nicosia\/Lefkosia2107 Cyprus","breadcrumb":{"@id":"https:\/\/nextalgos.de\/impressum\/#breadcrumb"},"inLanguage":"en-GB","potentialAction":[{"@type":"ReadAction","target":["https:\/\/nextalgos.de\/impressum\/"]}]},{"@type":"BreadcrumbList","@id":"https:\/\/nextalgos.de\/impressum\/#breadcrumb","itemListElement":[{"@type":"ListItem","position":1,"name":"Startseite","item":"https:\/\/nextalgos.de\/"},{"@type":"ListItem","position":2,"name":"Impressum"}]},{"@type":"WebSite","@id":"https:\/\/nextalgos.de\/#website","url":"https:\/\/nextalgos.de\/","name":"nextalgos | Ihr Tor zu nachhaltig besseren Handelsergebnissen","description":"Fortschrittliche Handelssysteme auf institutionellem Niveau","publisher":{"@id":"https:\/\/nextalgos.de\/#organization"},"alternateName":"New Generation Trading - automatisierte Handelssysteme","potentialAction":[{"@type":"SearchAction","target":{"@type":"EntryPoint","urlTemplate":"https:\/\/nextalgos.de\/?s={search_term_string}"},"query-input":{"@type":"PropertyValueSpecification","valueRequired":true,"valueName":"search_term_string"}}],"inLanguage":"en-GB"},{"@type":"Organization","@id":"https:\/\/nextalgos.de\/#organization","name":"Nextalgos","url":"https:\/\/nextalgos.de\/","logo":{"@type":"ImageObject","inLanguage":"en-GB","@id":"https:\/\/nextalgos.de\/#\/schema\/logo\/image\/","url":"","contentUrl":"","caption":"Nextalgos"},"image":{"@id":"https:\/\/nextalgos.de\/#\/schema\/logo\/image\/"},"sameAs":["https:\/\/x.com\/new_gen_trading","https:\/\/www.instagram.com\/newgenerationTrading.eu"]}]}},"jetpack_sharing_enabled":true,"_links":{"self":[{"href":"https:\/\/nextalgos.de\/en\/wp-json\/wp\/v2\/pages\/1044"}],"collection":[{"href":"https:\/\/nextalgos.de\/en\/wp-json\/wp\/v2\/pages"}],"about":[{"href":"https:\/\/nextalgos.de\/en\/wp-json\/wp\/v2\/types\/page"}],"author":[{"embeddable":true,"href":"https:\/\/nextalgos.de\/en\/wp-json\/wp\/v2\/users\/1"}],"replies":[{"embeddable":true,"href":"https:\/\/nextalgos.de\/en\/wp-json\/wp\/v2\/comments?post=1044"}],"version-history":[{"count":6,"href":"https:\/\/nextalgos.de\/en\/wp-json\/wp\/v2\/pages\/1044\/revisions"}],"predecessor-version":[{"id":5716,"href":"https:\/\/nextalgos.de\/en\/wp-json\/wp\/v2\/pages\/1044\/revisions\/5716"}],"wp:attachment":[{"href":"https:\/\/nextalgos.de\/en\/wp-json\/wp\/v2\/media?parent=1044"}],"curies":[{"name":"wp","href":"https:\/\/api.w.org\/{rel}","templated":true}]}}