{"id":1223,"date":"2021-04-11T11:29:34","date_gmt":"2021-04-11T09:29:34","guid":{"rendered":"https:\/\/ngt-live.de\/?page_id=1223"},"modified":"2025-04-12T07:48:56","modified_gmt":"2025-04-12T05:48:56","slug":"agbs","status":"publish","type":"page","link":"https:\/\/nextalgos.de\/en\/agbs\/","title":{"rendered":"AGBs"},"content":{"rendered":"<div class=\"fusion-fullwidth fullwidth-box fusion-builder-row-1 fusion-flex-container nonhundred-percent-fullwidth non-hundred-percent-height-scrolling\" style=\"--awb-border-radius-top-left:0px;--awb-border-radius-top-right:0px;--awb-border-radius-bottom-right:0px;--awb-border-radius-bottom-left:0px;--awb-flex-wrap:wrap;\" ><div class=\"fusion-builder-row fusion-row fusion-flex-align-items-flex-start fusion-flex-content-wrap\" style=\"max-width:1216.8px;margin-left: calc(-4% \/ 2 );margin-right: calc(-4% \/ 2 );\"><div class=\"fusion-layout-column fusion_builder_column fusion-builder-column-0 fusion_builder_column_1_1 1_1 fusion-flex-column\" style=\"--awb-bg-size:cover;--awb-width-large:100%;--awb-margin-top-large:0px;--awb-spacing-right-large:1.92%;--awb-margin-bottom-large:20px;--awb-spacing-left-large:1.92%;--awb-width-medium:100%;--awb-order-medium:0;--awb-spacing-right-medium:1.92%;--awb-spacing-left-medium:1.92%;--awb-width-small:100%;--awb-order-small:0;--awb-spacing-right-small:1.92%;--awb-spacing-left-small:1.92%;\"><div class=\"fusion-column-wrapper fusion-column-has-shadow fusion-flex-justify-content-flex-start fusion-content-layout-column\"><div class=\"fusion-title title fusion-title-1 fusion-sep-none fusion-title-text fusion-title-size-one\"><h1 class=\"fusion-title-heading title-heading-left fusion-responsive-typography-calculated\" style=\"margin:0;--fontSize:55;line-height:1.1;\">Allgemeine Gesch\u00e4ftsbedingungen<\/h1><\/div><div class=\"fusion-text fusion-text-1\"><h6 class=\"fusion-responsive-typography-calculated\" style=\"--fontsize: 10; line-height: 1.5; --minfontsize: 10;\" data-fontsize=\"10\" data-lineheight=\"15px\">\u00a71 GELTUNGSBEREICH, BEGRIFFSBESTIMMUNGEN<\/h6>\n<p>(1) F\u00fcr die Gesch\u00e4ftsbeziehung zwischen dem Webshopanbieter Nextalgos (nachfolgend \u201eAnbieter\u201c) und dem Kunden (nachfolgend \u201eKunde\u201c) gelten ausschlie\u00dflich die nachfolgenden Allgemeinen Gesch\u00e4ftsbedingungen in ihrer zum Zeitpunkt der Bestellung g\u00fcltigen Fassung. Abweichende Bedingungen des Bestellers werden nicht anerkannt, es sei denn, der Anbieter stimmt ihrer Geltung ausdr\u00fccklich schriftlich zu.<br \/>\n(2) Der Kunde ist Verbraucher, soweit der Zweck der georderten Lieferungen und Leistungen nicht seiner gewerblichen oder selbst\u00e4ndigen beruflichen T\u00e4tigkeit zugerechnet werden kann. Dagegen ist Unternehmer jede nat\u00fcrliche oder juristische Person oder rechtsf\u00e4hige Personengesellschaft, die beim Abschluss des Vertrags in Aus\u00fcbung ihrer gewerblichen oder selbst\u00e4ndigen beruflichen T\u00e4tigkeit handelt.<\/p>\n<h6 class=\"fusion-responsive-typography-calculated\" style=\"--fontsize: 10; line-height: 1.5; --minfontsize: 10;\" data-fontsize=\"10\" data-lineheight=\"15px\">\u00a72 VERTRAGSSCHLUSS<\/h6>\n<p>(1) Durch das Ausl\u00f6sen einer Bestellung gibt der Kunde einen verbindlichen Antrag zum Kauf der bestellten Waren ab. Mit dem Antrag akzeptiert der Kunde die vorliegenden Vertragsbedingungen.<br \/>\n(2) Ein Kaufvertrag kommt erst dann zustande, wenn der Anbieter den Vertragsschluss per E-Mail oder \u00dcbersendung der Rechnung ausdr\u00fccklich best\u00e4tigt, sp\u00e4testens aber mit Erhalt der Ware.<\/p>\n<h6 class=\"fusion-responsive-typography-calculated\" style=\"--fontsize: 10; line-height: 1.5; --minfontsize: 10;\" data-fontsize=\"10\" data-lineheight=\"15px\">\u00a73 WARENVERF\u00dcGBARKEIT<\/h6>\n<p>Sind zum Zeitpunkt der Bestellung des Kunden die von ihm ausgew\u00e4hlten Produkte nicht verf\u00fcgbar, so teilt der Anbieter dem Kunden dies mit. Dies gilt auch, wenn das Produkt dauerhaft nicht lieferbar ist. Ein Vertrag kommt in diesem Fall nicht zustande.<\/p>\n<h6 class=\"fusion-responsive-typography-calculated\" style=\"--fontsize: 10; line-height: 1.5; --minfontsize: 10;\" data-fontsize=\"10\" data-lineheight=\"15px\">\u00a74 PREISE UND VERSANDKOSTEN<\/h6>\n<p>(1) Alle Preise, die auf der Website des Anbieters angegeben sind, sind in Euro angegeben. Sie verstehen sich einschlie\u00dflich der jeweils g\u00fcltigen gesetzlichen Umsatzsteuer\/Mehrwertsteuer. Preisabweichungen auf Grund von Programmierauftr\u00e4gen oder besonderen Kundenw\u00fcnschen sind bei entsprechender Vereinbarung m\u00f6glich.<br \/>\n(2) Porto- bzw. Versandkosten bei einem Versand innerhalb Deutschlands fallen nicht an. Als Porto- bzw. Versandkosten bei einem Versand ins Ausland, berechnet der Anbieter pauschal \u20ac 10,00 f\u00fcr Lieferungen. F\u00fcr Nachnahmesendungen zahlen Sie innerhalb Deutschlands keinen Aufschlag. Nachnahmesendungen au\u00dferhalb Deutschlands sind leider nicht m\u00f6glich.<\/p>\n<h6 class=\"fusion-responsive-typography-calculated\" style=\"--fontsize: 10; line-height: 1.5; --minfontsize: 10;\" data-fontsize=\"10\" data-lineheight=\"15px\">\u00a75 ZAHLUNGSBEDINGUNGEN, F\u00c4LLIGKEIT<\/h6>\n<p>(1) Grunds\u00e4tzlich m\u00fcssen die Waren (insbesondere Algo-Systeme und Signale) im Voraus bezahlt werden. Die Lieferung der Ware ist ebenfalls per Nachnahme m\u00f6glich. Au\u00dferhalb Deutschlands liefern wir nur per Vorkasse. Der Rechnungsbetrag ist sofort nach Erhalt der Auftragsbest\u00e4tigung f\u00e4llig und vom Kunden bei Vorkasse und bei F\u00e4llen per Nachnahme vor Versendung der Bestellung zu begleichen. M\u00f6glich ist eine Zahlung per \u00dcberweisung auf das Konto des Anbieters. Bitte fragen Sie diesbez\u00fcglich \u00fcber das Kontaktformular nach.<br \/>\n(2) Die Zahlung gilt erst dann als erfolgt, wenn der Anbieter \u00fcber den Betrag verf\u00fcgen kann.<\/p>\n<h6 class=\"fusion-responsive-typography-calculated\" style=\"--fontsize: 10; line-height: 1.5; --minfontsize: 10;\" data-fontsize=\"10\" data-lineheight=\"15px\">\u00a76 LIEFERUNG, LIEFERFRIST<\/h6>\n<p>(1) Sofern nicht anders vereinbart, erfolgt die Lieferung ab dem Lager des Anbieters an die vom Kunden angegebene Lieferadresse.<br \/>\n(2) Der Versand der Ware erfolgt, soweit nicht anders vereinbart, per Postversand.<\/p>\n<p>\u00a77 HAFTUNG<\/p>\n<p>(1) Anspr\u00fcche des Kunden auf Schadensersatz sind ausgeschlossen. Hiervon ausgenommen sind Schadensersatzanspr\u00fcche des Kunden aus der Verletzung des Lebens, des K\u00f6rpers, der Gesundheit oder aus der Verletzung wesentlicher Vertragspflichten (Kardinalpflichten) sowie die Haftung f\u00fcr sonstige Sch\u00e4den, die auf einer vors\u00e4tzlichen oder grob fahrl\u00e4ssigen Pflichtverletzung des Anbieters, seiner gesetzlichen Vertreter oder Erf\u00fcllungsgehilfen beruhen. Wesentliche Vertragspflichten sind solche, deren Erf\u00fcllung zur Erreichung des Ziels des Vertrags notwendig sind.<br \/>\n(2) Bei der Verletzung wesentlicher Vertragspflichten haftet der Anbieter nur auf den vertragstypischen, vorhersehbaren Schaden, wenn dieser einfach fahrl\u00e4ssig verursacht wurde, es sei denn, es handelt sich um Schadensersatzanspr\u00fcche des Kunden aus einer Verletzung des Lebens, des K\u00f6rpers oder der Gesundheit.<br \/>\n(3) Die Einschr\u00e4nkungen der Abs\u00e4tze 1 und 2 gelten auch zugunsten der gesetzlichen Vertreter und Erf\u00fcllungsgehilfen des Anbieters, wenn Anspr\u00fcche direkt gegen diese geltend gemacht werden.<br \/>\n(4) Die Vorschriften des Produkthaftungsgesetzes bleiben unber\u00fchrt.<\/p>\n<h6 class=\"fusion-responsive-typography-calculated\" style=\"--fontsize: 10; line-height: 1.5; --minfontsize: 10;\" data-fontsize=\"10\" data-lineheight=\"15px\">\u00a78 RISIKOHINWEIS, EIGENVERANTWORTUNG DES KUNDEN<\/h6>\n<p>(1) Der Anbieter weist darauf hin, dass der Handel mit CFDs und Hebelprodukten nicht nur mit Chancen, sondern auch mit Risiken verbunden ist. Das angebotene Leistungsspektrum richtet sich ausschlie\u00dflich an erfahrene Anleger und ist vom Risikoprofil als hochspekulativ einzustufen. Den Gewinnm\u00f6glichkeiten stehen entsprechend hohe Verlustrisiken gegen\u00fcber. Es muss gepr\u00fcft werden, ob m\u00f6gliche Verluste, bis zur H\u00f6he des gesamten eingesetzten Kapitals, getragen werden k\u00f6nnen.<br \/>\n(2) Die Performance, die zuvor erzielt wurde, ist kein Indikator f\u00fcr die zuk\u00fcnftig erzielbare Performance.<br \/>\n(3) Unsere Algo-Systeme sowie von den Systemen ausgehende Signale sind keine Empfehlung zum Handeln an der B\u00f6rse und keine Anlageberatung. Sollte der Nutzer auf Grund unserer Algo-Systeme und Signale eine Position er\u00f6ffnen, so geschieht dies auf Grund seiner eigenen Entscheidung und in seiner eigenen Verantwortung. Vor einer Live-Handlung, sollte das System zun\u00e4chst auf einer Demoversion getestet werden. Insbesondere Spekulationen an der Forex sollten nur mit gr\u00f6\u00dfter Sorgfalt get\u00e4tigt werden.<br \/>\n(4) Weiterhin bestehen nicht kalkulierbare Risiken, wie z. B. St\u00f6rungen des Internetzugangs, des E-Mail-Versandes oder andere Software-Probleme.<br \/>\n(5) Trotz sorgf\u00e4ltigster Bereitstellung aller Informationen, Algo-Systemen und Signalen haftet der Anbieter nicht f\u00fcr einen m\u00f6glichen Misserfolg. Dies gilt insbesondere f\u00fcr das Ergebnis, resultierend aus den Handelssignalen.<br \/>\n(6) Soweit Informationen von dieser Website oder aus unseren anderen Quellen und Produkten genutzt werden, um eigenst\u00e4ndig zu traden, so tragen Sie hierf\u00fcr selbst die Verantwortung.<\/p>\n<h6 class=\"fusion-responsive-typography-calculated\" style=\"--fontsize: 10; line-height: 1.5; --minfontsize: 10;\" data-fontsize=\"10\" data-lineheight=\"15px\">\u00a79 WIDERRUFSRECHT DES VERBRAUCHERS<\/h6>\n<p>(1) Ist der Kunde Verbraucher und hat er mit dem Anbieter einen Vertrag unter ausschlie\u00dflicher Verwendung von Fernkommunikationsmitteln, insbesondere per Telefon, E-Mail oder Fax, oder \u00fcber die Internetseite des Anbieters geschlossen, so ist er berechtigt, seine auf Abschluss des Vertrags gerichtete Willenserkl\u00e4rung ohne Angabe von Gr\u00fcnden binnen 2 Wochen zu widerrufen. Die Frist beginnt fr\u00fchestens am Tag nach Erhalt der Ware, wenn zu diesem Zeitpunkt dem Verbraucher auch bereits in Textform diese Widerrufsbelehrung zugegangen ist. Der Widerruf erfolgt durch R\u00fccksendung der Ware an Nextalgos, oder durch Erkl\u00e4rung in Textform an den Anbieter unter info@nextalgos.de . Zur Fristwahrung gen\u00fcgt die rechtzeitige Absendung des Widerrufs oder der Ware. Das Widerrufsrecht besteht nicht bei Vertr\u00e4gen zur Lieferung von Waren, die nach Kundenspezifikationen angefertigt werden (insbes. programmierte Handelssysteme, Software und Signale) oder Waren, die auf die pers\u00f6nlichen Bed\u00fcrfnisse zugeschnitten sind oder die auf Grund der Beschaffenheit nicht f\u00fcr eine R\u00fccksendung geeignet sind (insbesondere das Algo-System). Bei Bestellung eines Algo-Systems kommt eine Lizenzierung zustande. Bitte beachten Sie, dass zu dem Zeitpunkt indem Sie uns Ihre Kontaktdaten oder Handelskontonummer durch die Bestellung mitteilen, das System nach Kundenspezifikation auf Ihr Konto programmiert und lizenziert wird.<br \/>\nGleiches gilt bei der \u00dcbersendung der Ware als Datei oder eines Downloadlinks. Das Widerrufsrecht besteht ferner nicht bei Vertr\u00e4gen zur Lieferung von Audio- und Videoaufzeichnungen oder Software, sofern die gelieferten Datentr\u00e4ger vom Verbraucher entsiegelt oder die Originalverpackung ge\u00f6ffnet worden sind.<br \/>\n(2) Paketversandf\u00e4hige Waren sind auf Kosten und Gefahr des Anbieters an die Firma Nextalgos zur\u00fcckzusenden. Abweichend hiervon tr\u00e4gt der Kunde die regelm\u00e4\u00dfigen Kosten der R\u00fccksendung, wenn der Bruttokaufpreis der zur\u00fcckzusendenden Sache 40,00 EUR nicht \u00fcbersteigt oder wenn bei einem h\u00f6heren Preis der Kunde die Gegenleistung oder eine Teilzahlung zum Zeitpunkt des Widerrufs noch nicht erbracht hat, es sei denn, dass die gelieferte Ware nicht der bestellten entspricht.<br \/>\n(3) Im Fall des wirksamen Widerrufs erstattet der Anbieter einen bereits entrichteten Kaufpreis an den Kunden zur\u00fcck. Kann der Kunde die empfangene Leistung ganz oder teilweise nicht oder nur in verschlechtertem Zustand herausgeben, so hat er insoweit Wertersatz zu leisten, auch wenn die Verschlechterung auf bestimmungsgem\u00e4\u00dfer Ingebrauchnahme beruht. Die Wertminderung kann dem Gesamtkaufpreis entsprechen. Eine Wertminderung kann der Kunde insbesondere dadurch vermeiden, dass er die Ware nicht wie ein Eigent\u00fcmer in Gebrauch nimmt und alles unterl\u00e4sst, was deren Wert beeintr\u00e4chtigt.<\/p>\n<h6 class=\"fusion-responsive-typography-calculated\" style=\"--fontsize: 10; line-height: 1.5; --minfontsize: 10;\" data-fontsize=\"10\" data-lineheight=\"15px\">\u00a710 L\u00c4NDERAUSSCHLUSS<\/h6>\n<p>Die Website ist nicht f\u00fcr die Verbreitung oder Nutzung in solchen L\u00e4ndern gedacht, in denen der Inhalt gegen Gesetze oder Vorschriften verst\u00f6\u00dft. Soweit Kunden in L\u00e4ndern wohnen, in denen die angebotenen Dienstleistungen, Anlageformen oder Waren gegen Gesetze, Vorschriften oder B\u00f6rsenusancen versto\u00dfen, darf eine entsprechende Nutzung nicht erfolgen.<\/p>\n<h6 class=\"fusion-responsive-typography-calculated\" style=\"--fontsize: 10; line-height: 1.5; --minfontsize: 10;\" data-fontsize=\"10\" data-lineheight=\"15px\">\u00a711 HINWEISE ZUR DATENVERARBEITUNG<\/h6>\n<p>(1) Der Anbieter erhebt im Rahmen der Abwicklung von Vertr\u00e4gen Daten des Kunden. Er beachtet dabei die Vorschriften des Bundesdatenschutzgesetzes und des Teledienstdatenschutzgesetzes. Ohne Einwilligung des Kunden wird der Anbieter Bestands- und Nutzungsdaten des Kunden nur erheben, verarbeiten oder nutzen, soweit dies f\u00fcr die Abwicklung des Vertragsverh\u00e4ltnisses und f\u00fcr die Inanspruchnahme und Abrechnung von Telediensten erforderlich ist.<br \/>\n(2) Ohne die Einwilligung des Kunden wird der Anbieter Daten des Kunden nicht f\u00fcr Zwecke der Werbung, Markt- oder Meinungsforschung nutzen.<\/p>\n<h6 class=\"fusion-responsive-typography-calculated\" style=\"--fontsize: 10; line-height: 1.5; --minfontsize: 10;\" data-fontsize=\"10\" data-lineheight=\"15px\">\u00a712 SCHLUSSBESTIMMUNGEN<\/h6>\n<p>(1) Auf Vertr\u00e4ge zwischen dem Anbieter und den Kunden findet das Recht der Bundesrepublik Deutschland unter Ausschluss des UN-Kaufrechts Anwendung.<br \/>\n(2) Sofern es sich beim Kunden um einen Kaufmann, eine juristische Person des \u00f6ffentlichen Rechts oder um ein \u00f6ffentlich-rechtliches Sonderverm\u00f6gen handelt, ist Gerichtsstand f\u00fcr alle Streitigkeiten aus Vertragsverh\u00e4ltnissen zwischen dem Kunden und dem Anbieter der Sitz des Anbieters.<br \/>\n(3) Der Vertrag bleibt auch bei rechtlicher Unwirksamkeit einzelner Punkte in seinen \u00fcbrigen Teilen verbindlich. An die Stelle der unwirksamen oder undurchf\u00fchrbaren Punkte, soll diejenige wirksame und durchf\u00fchrbare Regelung treten, deren Wirkungen der wirtschaftlichen Zielsetzung m\u00f6glichst nahe kommen.<\/p>\n<\/div><\/div><\/div><\/div><\/div>","protected":false},"excerpt":{"rendered":"","protected":false},"author":1,"featured_media":0,"parent":0,"menu_order":0,"comment_status":"closed","ping_status":"closed","template":"","meta":{"pmpro_default_level":"","footnotes":""},"class_list":["post-1223","page","type-page","status-publish","hentry","pmpro-has-access"],"yoast_head":"<!-- This site is optimized with the Yoast SEO plugin v23.4 - https:\/\/yoast.com\/wordpress\/plugins\/seo\/ -->\n<title>AGBs - nextalgos | Ihr Tor zu nachhaltig besseren Handelsergebnissen<\/title>\n<meta name=\"description\" content=\"Lesen Sie unsere allgemeinen Gesch\u00e4ftsbedingungen vor Kauf eines Algo-Systems\" \/>\n<meta name=\"robots\" content=\"index, follow, max-snippet:-1, max-image-preview:large, max-video-preview:-1\" \/>\n<link rel=\"canonical\" href=\"https:\/\/nextalgos.de\/en\/agbs\/\" \/>\n<meta property=\"og:locale\" content=\"en_GB\" \/>\n<meta property=\"og:type\" content=\"article\" \/>\n<meta property=\"og:title\" content=\"AGBs - nextalgos | Ihr Tor zu nachhaltig besseren Handelsergebnissen\" \/>\n<meta property=\"og:description\" content=\"Lesen Sie unsere allgemeinen Gesch\u00e4ftsbedingungen vor Kauf eines Algo-Systems\" \/>\n<meta property=\"og:url\" content=\"https:\/\/nextalgos.de\/en\/agbs\/\" \/>\n<meta property=\"og:site_name\" content=\"nextalgos | Ihr Tor zu nachhaltig besseren Handelsergebnissen\" \/>\n<meta property=\"article:modified_time\" content=\"2025-04-12T05:48:56+00:00\" \/>\n<meta name=\"twitter:card\" content=\"summary_large_image\" \/>\n<meta name=\"twitter:site\" content=\"@new_gen_trading\" \/>\n<meta name=\"twitter:label1\" content=\"Estimated reading time\" \/>\n\t<meta name=\"twitter:data1\" content=\"8 minutes\" \/>\n<script type=\"application\/ld+json\" class=\"yoast-schema-graph\">{\"@context\":\"https:\/\/schema.org\",\"@graph\":[{\"@type\":\"WebPage\",\"@id\":\"https:\/\/nextalgos.de\/agbs\/\",\"url\":\"https:\/\/nextalgos.de\/agbs\/\",\"name\":\"AGBs - nextalgos | Ihr Tor zu nachhaltig besseren Handelsergebnissen\",\"isPartOf\":{\"@id\":\"https:\/\/nextalgos.de\/#website\"},\"datePublished\":\"2021-04-11T09:29:34+00:00\",\"dateModified\":\"2025-04-12T05:48:56+00:00\",\"description\":\"Lesen Sie unsere allgemeinen Gesch\u00e4ftsbedingungen vor Kauf eines Algo-Systems\",\"breadcrumb\":{\"@id\":\"https:\/\/nextalgos.de\/agbs\/#breadcrumb\"},\"inLanguage\":\"en-GB\",\"potentialAction\":[{\"@type\":\"ReadAction\",\"target\":[\"https:\/\/nextalgos.de\/agbs\/\"]}]},{\"@type\":\"BreadcrumbList\",\"@id\":\"https:\/\/nextalgos.de\/agbs\/#breadcrumb\",\"itemListElement\":[{\"@type\":\"ListItem\",\"position\":1,\"name\":\"Startseite\",\"item\":\"https:\/\/nextalgos.de\/\"},{\"@type\":\"ListItem\",\"position\":2,\"name\":\"AGBs\"}]},{\"@type\":\"WebSite\",\"@id\":\"https:\/\/nextalgos.de\/#website\",\"url\":\"https:\/\/nextalgos.de\/\",\"name\":\"nextalgos | Ihr Tor zu nachhaltig besseren Handelsergebnissen\",\"description\":\"Fortschrittliche Handelssysteme auf institutionellem Niveau\",\"publisher\":{\"@id\":\"https:\/\/nextalgos.de\/#organization\"},\"alternateName\":\"New Generation Trading - automatisierte Handelssysteme\",\"potentialAction\":[{\"@type\":\"SearchAction\",\"target\":{\"@type\":\"EntryPoint\",\"urlTemplate\":\"https:\/\/nextalgos.de\/?s={search_term_string}\"},\"query-input\":{\"@type\":\"PropertyValueSpecification\",\"valueRequired\":true,\"valueName\":\"search_term_string\"}}],\"inLanguage\":\"en-GB\"},{\"@type\":\"Organization\",\"@id\":\"https:\/\/nextalgos.de\/#organization\",\"name\":\"Nextalgos\",\"url\":\"https:\/\/nextalgos.de\/\",\"logo\":{\"@type\":\"ImageObject\",\"inLanguage\":\"en-GB\",\"@id\":\"https:\/\/nextalgos.de\/#\/schema\/logo\/image\/\",\"url\":\"\",\"contentUrl\":\"\",\"caption\":\"Nextalgos\"},\"image\":{\"@id\":\"https:\/\/nextalgos.de\/#\/schema\/logo\/image\/\"},\"sameAs\":[\"https:\/\/x.com\/new_gen_trading\",\"https:\/\/www.instagram.com\/newgenerationTrading.eu\"]}]}<\/script>\n<!-- \/ Yoast SEO plugin. -->","yoast_head_json":{"title":"AGBs - nextalgos | Ihr Tor zu nachhaltig besseren Handelsergebnissen","description":"Lesen Sie unsere allgemeinen Gesch\u00e4ftsbedingungen vor Kauf eines Algo-Systems","robots":{"index":"index","follow":"follow","max-snippet":"max-snippet:-1","max-image-preview":"max-image-preview:large","max-video-preview":"max-video-preview:-1"},"canonical":"https:\/\/nextalgos.de\/en\/agbs\/","og_locale":"en_GB","og_type":"article","og_title":"AGBs - nextalgos | Ihr Tor zu nachhaltig besseren Handelsergebnissen","og_description":"Lesen Sie unsere allgemeinen Gesch\u00e4ftsbedingungen vor Kauf eines Algo-Systems","og_url":"https:\/\/nextalgos.de\/en\/agbs\/","og_site_name":"nextalgos | Ihr Tor zu nachhaltig besseren Handelsergebnissen","article_modified_time":"2025-04-12T05:48:56+00:00","twitter_card":"summary_large_image","twitter_site":"@new_gen_trading","twitter_misc":{"Estimated reading time":"8 minutes"},"schema":{"@context":"https:\/\/schema.org","@graph":[{"@type":"WebPage","@id":"https:\/\/nextalgos.de\/agbs\/","url":"https:\/\/nextalgos.de\/agbs\/","name":"AGBs - nextalgos | Ihr Tor zu nachhaltig besseren Handelsergebnissen","isPartOf":{"@id":"https:\/\/nextalgos.de\/#website"},"datePublished":"2021-04-11T09:29:34+00:00","dateModified":"2025-04-12T05:48:56+00:00","description":"Lesen Sie unsere allgemeinen Gesch\u00e4ftsbedingungen vor Kauf eines Algo-Systems","breadcrumb":{"@id":"https:\/\/nextalgos.de\/agbs\/#breadcrumb"},"inLanguage":"en-GB","potentialAction":[{"@type":"ReadAction","target":["https:\/\/nextalgos.de\/agbs\/"]}]},{"@type":"BreadcrumbList","@id":"https:\/\/nextalgos.de\/agbs\/#breadcrumb","itemListElement":[{"@type":"ListItem","position":1,"name":"Startseite","item":"https:\/\/nextalgos.de\/"},{"@type":"ListItem","position":2,"name":"AGBs"}]},{"@type":"WebSite","@id":"https:\/\/nextalgos.de\/#website","url":"https:\/\/nextalgos.de\/","name":"nextalgos | Ihr Tor zu nachhaltig besseren Handelsergebnissen","description":"Fortschrittliche Handelssysteme auf institutionellem Niveau","publisher":{"@id":"https:\/\/nextalgos.de\/#organization"},"alternateName":"New Generation Trading - automatisierte Handelssysteme","potentialAction":[{"@type":"SearchAction","target":{"@type":"EntryPoint","urlTemplate":"https:\/\/nextalgos.de\/?s={search_term_string}"},"query-input":{"@type":"PropertyValueSpecification","valueRequired":true,"valueName":"search_term_string"}}],"inLanguage":"en-GB"},{"@type":"Organization","@id":"https:\/\/nextalgos.de\/#organization","name":"Nextalgos","url":"https:\/\/nextalgos.de\/","logo":{"@type":"ImageObject","inLanguage":"en-GB","@id":"https:\/\/nextalgos.de\/#\/schema\/logo\/image\/","url":"","contentUrl":"","caption":"Nextalgos"},"image":{"@id":"https:\/\/nextalgos.de\/#\/schema\/logo\/image\/"},"sameAs":["https:\/\/x.com\/new_gen_trading","https:\/\/www.instagram.com\/newgenerationTrading.eu"]}]}},"jetpack_sharing_enabled":true,"_links":{"self":[{"href":"https:\/\/nextalgos.de\/en\/wp-json\/wp\/v2\/pages\/1223"}],"collection":[{"href":"https:\/\/nextalgos.de\/en\/wp-json\/wp\/v2\/pages"}],"about":[{"href":"https:\/\/nextalgos.de\/en\/wp-json\/wp\/v2\/types\/page"}],"author":[{"embeddable":true,"href":"https:\/\/nextalgos.de\/en\/wp-json\/wp\/v2\/users\/1"}],"replies":[{"embeddable":true,"href":"https:\/\/nextalgos.de\/en\/wp-json\/wp\/v2\/comments?post=1223"}],"version-history":[{"count":3,"href":"https:\/\/nextalgos.de\/en\/wp-json\/wp\/v2\/pages\/1223\/revisions"}],"predecessor-version":[{"id":5718,"href":"https:\/\/nextalgos.de\/en\/wp-json\/wp\/v2\/pages\/1223\/revisions\/5718"}],"wp:attachment":[{"href":"https:\/\/nextalgos.de\/en\/wp-json\/wp\/v2\/media?parent=1223"}],"curies":[{"name":"wp","href":"https:\/\/api.w.org\/{rel}","templated":true}]}}