{"id":3563,"date":"2023-05-11T14:17:37","date_gmt":"2023-05-11T12:17:37","guid":{"rendered":"https:\/\/newgenerationtrading.eu\/registration\/"},"modified":"2025-05-19T16:23:51","modified_gmt":"2025-05-19T14:23:51","slug":"anmelden","status":"publish","type":"page","link":"https:\/\/nextalgos.de\/en\/anmelden\/","title":{"rendered":"Anmelden"},"content":{"rendered":"<p><div class=\"fusion-fullwidth fullwidth-box fusion-builder-row-1 fusion-flex-container has-pattern-background has-mask-background nonhundred-percent-fullwidth non-hundred-percent-height-scrolling\" style=\"--awb-border-radius-top-left:0px;--awb-border-radius-top-right:0px;--awb-border-radius-bottom-right:0px;--awb-border-radius-bottom-left:0px;--awb-flex-wrap:wrap;\" ><div class=\"fusion-builder-row fusion-row fusion-flex-align-items-center fusion-flex-justify-content-center fusion-flex-content-wrap\" style=\"max-width:1216.8px;margin-left: calc(-4% \/ 2 );margin-right: calc(-4% \/ 2 );\"><div class=\"fusion-layout-column fusion_builder_column fusion-builder-column-0 fusion_builder_column_1_3 1_3 fusion-flex-column\" style=\"--awb-bg-size:cover;--awb-width-large:33.333333333333%;--awb-margin-top-large:0px;--awb-spacing-right-large:5.76%;--awb-margin-bottom-large:20px;--awb-spacing-left-large:5.76%;--awb-width-medium:100%;--awb-order-medium:0;--awb-spacing-right-medium:1.92%;--awb-spacing-left-medium:1.92%;--awb-width-small:100%;--awb-order-small:0;--awb-spacing-right-small:1.92%;--awb-spacing-left-small:1.92%;\"><div class=\"fusion-column-wrapper fusion-column-has-shadow fusion-flex-justify-content-flex-start fusion-content-layout-column\"><div class=\"fusion-separator fusion-full-width-sep\" style=\"align-self: center;margin-left: auto;margin-right: auto;margin-bottom:20px;width:100%;\"><div class=\"fusion-separator-border sep-double\" style=\"--awb-height:20px;--awb-amount:20px;border-color:#e0dede;border-top-width:1px;border-bottom-width:1px;\"><\/div><\/div><div class=\"fusion-image-element\" style=\"text-align:center;--awb-caption-title-font-family:var(--h2_typography-font-family);--awb-caption-title-font-weight:var(--h2_typography-font-weight);--awb-caption-title-font-style:var(--h2_typography-font-style);--awb-caption-title-size:var(--h2_typography-font-size);--awb-caption-title-transform:var(--h2_typography-text-transform);--awb-caption-title-line-height:var(--h2_typography-line-height);--awb-caption-title-letter-spacing:var(--h2_typography-letter-spacing);\"><span class=\"fusion-imageframe imageframe-none imageframe-1 hover-type-none\"><img decoding=\"async\" width=\"640\" height=\"152\" title=\"nextalgos-logo-1\" src=\"https:\/\/nextalgos.de\/wp-content\/uploads\/2024\/09\/nextalgos-logo-1.png\" alt class=\"img-responsive wp-image-5429\" srcset=\"https:\/\/nextalgos.de\/wp-content\/uploads\/2024\/09\/nextalgos-logo-1-200x48.png 200w, https:\/\/nextalgos.de\/wp-content\/uploads\/2024\/09\/nextalgos-logo-1-400x95.png 400w, https:\/\/nextalgos.de\/wp-content\/uploads\/2024\/09\/nextalgos-logo-1-600x143.png 600w, https:\/\/nextalgos.de\/wp-content\/uploads\/2024\/09\/nextalgos-logo-1.png 640w\" sizes=\"(max-width: 1000px) 100vw, (max-width: 640px) 100vw, 400px\" \/><\/span><\/div><div class=\"fusion-title title fusion-title-1 fusion-sep-none fusion-title-text fusion-title-size-one\"><h1 class=\"fusion-title-heading title-heading-left fusion-responsive-typography-calculated\" style=\"margin:0;--fontSize:55;line-height:1.1;\"><p style=\"text-align: center;\">Infos. Performance. Kostenloser Test.<\/p><\/h1><\/div><div class=\"fusion-text fusion-text-1\"><p>Melden Sie sich unverbindlich an und erhalten Sie Zugang zur Funktionsweise, Handelsergebnissen und einer unverbindlichen Testm\u00f6glichkeit. Einer unserer Ansprechpartner wird sich binnen 24 Stunden bei Ihnen via Email oder telefonisch melden.<\/p>\n<\/div><\/div><\/div><\/div><\/div><div class=\"fusion-fullwidth fullwidth-box fusion-builder-row-2 fusion-flex-container has-pattern-background has-mask-background nonhundred-percent-fullwidth non-hundred-percent-height-scrolling\" style=\"--awb-border-radius-top-left:0px;--awb-border-radius-top-right:0px;--awb-border-radius-bottom-right:0px;--awb-border-radius-bottom-left:0px;--awb-flex-wrap:wrap;\" ><div class=\"fusion-builder-row fusion-row fusion-flex-align-items-center fusion-flex-justify-content-center fusion-flex-content-wrap\" style=\"max-width:1216.8px;margin-left: calc(-4% \/ 2 );margin-right: calc(-4% \/ 2 );\"><div class=\"fusion-layout-column fusion_builder_column fusion-builder-column-1 fusion_builder_column_1_3 1_3 fusion-flex-column\" style=\"--awb-bg-size:cover;--awb-width-large:33.333333333333%;--awb-margin-top-large:0px;--awb-spacing-right-large:5.76%;--awb-margin-bottom-large:20px;--awb-spacing-left-large:5.76%;--awb-width-medium:100%;--awb-order-medium:0;--awb-spacing-right-medium:1.92%;--awb-spacing-left-medium:1.92%;--awb-width-small:100%;--awb-order-small:0;--awb-spacing-right-small:1.92%;--awb-spacing-left-small:1.92%;\"><div class=\"fusion-column-wrapper fusion-column-has-shadow fusion-flex-justify-content-flex-start fusion-content-layout-column\"><div class=\"fusion-form fusion-form-builder fusion-form-form-wrapper fusion-form-5268 has-icon-alignment\" style=\"--awb-tooltip-text-color:#000000;--awb-tooltip-background-color:#333333;--awb-field-margin-top:10px;--awb-field-margin-bottom:10px;--awb-form-input-height:50px;--awb-form-bg-color:#ffffff;--awb-form-font-size:20px;--awb-form-placeholder-color:#000000;--awb-form-text-color:#000000;--awb-form-label-color:#000000;--awb-form-border-width-top:1px;--awb-form-border-width-bottom:1px;--awb-form-border-width-right:1px;--awb-form-border-width-left:1px;--awb-form-border-color:#000000;--awb-form-focus-border-color:#f9c300;--awb-form-focus-border-hover-color:rgba(249,195,0,0.5);--awb-form-border-radius:3px;--awb-icon-alignment-top:1px;--awb-icon-alignment-bottom:1px;--awb-icon-alignment-font-size:20;\" data-form-id=\"5268\" data-config=\"{&quot;form_id&quot;:&quot;5268&quot;,&quot;form_post_id&quot;:&quot;5268&quot;,&quot;post_id&quot;:3563,&quot;form_type&quot;:&quot;ajax&quot;,&quot;confirmation_type&quot;:&quot;message&quot;,&quot;redirect_url&quot;:&quot;https:\\\/\\\/ngt-live.de\\\/brokerauswahl\\\/&quot;,&quot;field_labels&quot;:{&quot;your_username&quot;:&quot;Name&quot;,&quot;email&quot;:&quot;Email&quot;,&quot;telefonnummer&quot;:&quot;Telefonnummer&quot;},&quot;field_logics&quot;:{&quot;your_username&quot;:&quot;&quot;,&quot;email&quot;:&quot;&quot;,&quot;telefonnummer&quot;:&quot;&quot;,&quot;notice_1&quot;:&quot;&quot;},&quot;field_types&quot;:{&quot;your_username&quot;:&quot;text&quot;,&quot;email&quot;:&quot;email&quot;,&quot;telefonnummer&quot;:&quot;phone_number&quot;,&quot;recaptcha_1&quot;:&quot;recaptcha&quot;,&quot;notice_1&quot;:&quot;notice&quot;,&quot;submit_1&quot;:&quot;submit&quot;},&quot;nonce_method&quot;:&quot;ajax&quot;}\"><form action=\"https:\/\/nextalgos.de\/en\/anmelden\/\" method=\"post\" class=\"fusion-form fusion-form-5268\" data-trp-original-action=\"https:\/\/nextalgos.de\/en\/anmelden\/\"><div class=\"fusion-fullwidth fullwidth-box fusion-builder-row-2-1 fusion-flex-container has-pattern-background has-mask-background nonhundred-percent-fullwidth non-hundred-percent-height-scrolling\" style=\"--link_hover_color: #f96032;--link_color: #f9c300;--awb-border-radius-top-left:0px;--awb-border-radius-top-right:0px;--awb-border-radius-bottom-right:0px;--awb-border-radius-bottom-left:0px;--awb-flex-wrap:wrap;\" ><div class=\"fusion-builder-row fusion-row fusion-flex-align-items-center fusion-flex-justify-content-center fusion-flex-content-wrap\" style=\"width:104% !important;max-width:104% !important;margin-left: calc(-4% \/ 2 );margin-right: calc(-4% \/ 2 );\"><div class=\"fusion-layout-column fusion_builder_column fusion-builder-column-2 fusion_builder_column_1_1 1_1 fusion-flex-column\" style=\"--awb-bg-size:cover;--awb-width-large:100%;--awb-margin-top-large:0px;--awb-spacing-right-large:1.92%;--awb-margin-bottom-large:0px;--awb-spacing-left-large:1.92%;--awb-width-medium:100%;--awb-order-medium:0;--awb-spacing-right-medium:1.92%;--awb-spacing-left-medium:1.92%;--awb-width-small:100%;--awb-order-small:0;--awb-spacing-right-small:1.92%;--awb-spacing-left-small:1.92%;\"><div class=\"fusion-column-wrapper fusion-column-has-shadow fusion-flex-justify-content-flex-start fusion-content-layout-column\"><div class=\"fusion-form-field fusion-form-text-field fusion-form-label-above\" style=\"\" data-form-id=\"5268\"><div class=\"fusion-form-label-wrapper\"><label for=\"your_username\">Name <abbr class=\"fusion-form-element-required\" title=\"required\">*<\/abbr><\/label><\/div><input type=\"text\" name=\"your_username\" id=\"your_username\" value=\"\"  class=\"fusion-form-input\" required=\"true\" aria-required=\"true\" data-holds-private-data=\"false\" minlength=\"0\"\/><\/div><div class=\"fusion-form-field fusion-form-email-field fusion-form-label-above\" style=\"\" data-form-id=\"5268\"><div class=\"fusion-form-label-wrapper\"><label for=\"email\">Email <abbr class=\"fusion-form-element-required\" title=\"required\">*<\/abbr><\/label><\/div><input type=\"email\" name=\"email\" id=\"email\" value=\"\"  class=\"fusion-form-input\" required=\"true\" aria-required=\"true\" data-holds-private-data=\"false\"\/><\/div><\/div><\/div><div class=\"fusion-layout-column fusion_builder_column fusion-builder-column-3 fusion_builder_column_1_1 1_1 fusion-flex-column\" style=\"--awb-bg-size:cover;--awb-width-large:100%;--awb-margin-top-large:0px;--awb-spacing-right-large:1.92%;--awb-margin-bottom-large:0px;--awb-spacing-left-large:1.92%;--awb-width-medium:100%;--awb-order-medium:0;--awb-spacing-right-medium:1.92%;--awb-spacing-left-medium:1.92%;--awb-width-small:100%;--awb-order-small:0;--awb-spacing-right-small:1.92%;--awb-spacing-left-small:1.92%;\"><div class=\"fusion-column-wrapper fusion-column-has-shadow fusion-flex-justify-content-flex-start fusion-content-layout-column\"><div class=\"fusion-form-field fusion-form-phone-number-field fusion-form-label-above\" style=\"\" data-form-id=\"5268\"><div class=\"fusion-form-label-wrapper\"><label for=\"telefonnummer\">Telefonnummer <abbr class=\"fusion-form-element-required\" title=\"required\">*<\/abbr><\/label><\/div><input type=\"tel\"  data-empty-notice=\"Sie m\u00fcssen hier Ihre Telefonnummer eingeben\" name=\"telefonnummer\" id=\"telefonnummer\" value=\"\"  class=\"fusion-form-input\" required=\"true\" aria-required=\"true\" data-holds-private-data=\"false\"\/><\/div><\/div><\/div><div class=\"fusion-layout-column fusion_builder_column fusion-builder-column-4 fusion_builder_column_1_1 1_1 fusion-flex-column\" style=\"--awb-bg-size:cover;--awb-width-large:100%;--awb-margin-top-large:0px;--awb-spacing-right-large:1.92%;--awb-margin-bottom-large:0px;--awb-spacing-left-large:1.92%;--awb-width-medium:100%;--awb-order-medium:0;--awb-spacing-right-medium:1.92%;--awb-spacing-left-medium:1.92%;--awb-width-small:100%;--awb-order-small:0;--awb-spacing-right-small:1.92%;--awb-spacing-left-small:1.92%;\"><div class=\"fusion-column-wrapper fusion-column-has-shadow fusion-flex-justify-content-flex-start fusion-content-layout-column\"><\/div><\/div><div class=\"fusion-layout-column fusion_builder_column fusion-builder-column-5 fusion_builder_column_1_1 1_1 fusion-flex-column\" style=\"--awb-bg-size:cover;--awb-width-large:100%;--awb-margin-top-large:0px;--awb-spacing-right-large:1.92%;--awb-margin-bottom-large:20px;--awb-spacing-left-large:1.92%;--awb-width-medium:100%;--awb-order-medium:0;--awb-spacing-right-medium:1.92%;--awb-spacing-left-medium:1.92%;--awb-width-small:100%;--awb-order-small:0;--awb-spacing-right-small:1.92%;--awb-spacing-left-small:1.92%;\"><div class=\"fusion-column-wrapper fusion-column-has-shadow fusion-flex-justify-content-flex-start fusion-content-layout-column\"><div class=\"fusion-form-field fusion-form-recaptcha-field fusion-form-label-above\" style=\"\" data-form-id=\"5268\">\t\t\t\t<div class=\"form-creator-recaptcha\" >\n\t\t\t\t\t\t\t\t\t\t\t\t\t\t\t\t\t<div class=\"fusion-form-recaptcha-wrapper\">\n\t\t\t\t\t\t<div\n\t\t\t\t\t\t\tid=\"g-recaptcha-id-form-5268\"\n\t\t\t\t\t\t\tclass=\"awb-recaptcha-v2 fusion-form-recaptcha-v2\"\n\t\t\t\t\t\t\tdata-theme=\"light\"\n\t\t\t\t\t\t\tdata-sitekey=\"6Le2SUUqAAAAAPOgoAHsBHf_EO3cT1yFxTfJ4ZYS\"\n\t\t\t\t\t\t\tdata-tabindex=\"\">\n\t\t\t\t\t\t<\/div>\n\t\t\t\t\t<\/div>\n\t\t\t\t\t\t\t\t\t\t\t\t\t\t<\/div>\n\t\t\t\t<\/div><\/div><\/div><div class=\"fusion-layout-column fusion_builder_column fusion-builder-column-6 fusion_builder_column_1_1 1_1 fusion-flex-column\" style=\"--awb-bg-size:cover;--awb-width-large:100%;--awb-margin-top-large:0px;--awb-spacing-right-large:1.92%;--awb-margin-bottom-large:0px;--awb-spacing-left-large:1.92%;--awb-width-medium:100%;--awb-order-medium:0;--awb-spacing-right-medium:1.92%;--awb-spacing-left-medium:1.92%;--awb-width-small:100%;--awb-order-small:0;--awb-spacing-right-small:1.92%;--awb-spacing-left-small:1.92%;\"><div class=\"fusion-column-wrapper fusion-column-has-shadow fusion-flex-justify-content-flex-start fusion-content-layout-column\"><div class=\"form-submission-notices data-notice_1\" id=\"fusion-notices-1\"><div class=\"fusion-alert alert success alert-success fusion-alert-center fusion-form-response fusion-form-response-success fusion-alert-capitalize awb-alert-native-link-color alert-dismissable awb-alert-close-boxed\" style=\"--awb-margin-top:20px;\" role=\"alert\"><div class=\"fusion-alert-content-wrapper\"><span class=\"alert-icon\"><i class=\"awb-icon-check-circle\" aria-hidden=\"true\"><\/i><\/span><span class=\"fusion-alert-content\">Danke f\u00fcr Ihre Nachricht! Unser Support wird sich umgehend bei Ihnen melden!<\/span><\/div><button type=\"button\" class=\"close toggle-alert\" data-dismiss=\"alert\" aria-label=\"Close\">&times;<\/button><\/div><div class=\"fusion-alert alert error alert-danger fusion-alert-center fusion-form-response fusion-form-response-error fusion-alert-capitalize awb-alert-native-link-color alert-dismissable awb-alert-close-boxed\" style=\"--awb-margin-top:20px;\" role=\"alert\"><div class=\"fusion-alert-content-wrapper\"><span class=\"alert-icon\"><i class=\"awb-icon-exclamation-triangle\" aria-hidden=\"true\"><\/i><\/span><span class=\"fusion-alert-content\">Beim Senden Ihrer Nachricht ist ein Fehler aufgetreten. Bitte versuchen Sie es sp\u00e4ter erneut.<\/span><\/div><button type=\"button\" class=\"close toggle-alert\" data-dismiss=\"alert\" aria-label=\"Close\">&times;<\/button><\/div><\/div><div class=\"fusion-form-field fusion-form-submit-field fusion-form-label-above\" style=\"\" data-form-id=\"5268\"><div ><button type=\"submit\" class=\"fusion-button button-flat button-xlarge button-default fusion-button-default button-1 fusion-button-span-yes  form-form-submit button-default\" data-form-number=\"5268\" tabindex=\"\"><span class=\"fusion-button-text\">Jetzt anmelden<\/span><\/button><\/div><\/div><div class=\"fusion-text fusion-text-2\" style=\"--awb-content-alignment:center;--awb-font-size:14px;\"><h6><span style=\"color: #000000;\">Indem Sie auf \"Jetzt anmelden\" klicken, geben Sie an, dass Sie die <a style=\"color: #000000;\" href=\"https:\/\/nextalgos.de\/en\/agbs\/\">AGB<\/a> und die\u00a0<a style=\"color: #000000;\" href=\"https:\/\/nextalgos.de\/en\/datenschutzerklaerung\/\">Datenschutzbestimmungen<\/a>\u00a0gelesen und best\u00e4tigt haben.<\/span><\/h6>\n<\/div><\/div><\/div><\/div><\/div><input type=\"hidden\" name=\"trp-form-language\" value=\"en\"\/><\/form><\/div><\/div><\/div><\/div><\/div><\/p>","protected":false},"excerpt":{"rendered":"","protected":false},"author":1,"featured_media":0,"parent":0,"menu_order":0,"comment_status":"closed","ping_status":"closed","template":"blank.php","meta":{"pmpro_default_level":"","footnotes":""},"class_list":["post-3563","page","type-page","status-publish","hentry","pmpro-has-access"],"yoast_head":"<!-- This site is optimized with the Yoast SEO plugin v23.4 - https:\/\/yoast.com\/wordpress\/plugins\/seo\/ -->\n<title>nextalgos - Anmelden f\u00fcr Fakten, Infos und Gratis-Testm\u00f6glichkeit<\/title>\n<meta name=\"description\" content=\"In unserem Kundenbereich erhalten Sie den detaillierten Einblick in alles Wichtige \u00fcber unsere Algo-Systeme. Jetzt kostenfrei anmelden\" \/>\n<meta name=\"robots\" content=\"index, follow, max-snippet:-1, max-image-preview:large, max-video-preview:-1\" \/>\n<link rel=\"canonical\" href=\"https:\/\/nextalgos.de\/en\/anmelden\/\" \/>\n<meta property=\"og:locale\" content=\"en_GB\" \/>\n<meta property=\"og:type\" content=\"article\" \/>\n<meta property=\"og:title\" content=\"nextalgos - Anmelden f\u00fcr Fakten, Infos und Gratis-Testm\u00f6glichkeit\" \/>\n<meta property=\"og:description\" content=\"In unserem Kundenbereich erhalten Sie den detaillierten Einblick in alles Wichtige \u00fcber unsere Algo-Systeme. Jetzt kostenfrei anmelden\" \/>\n<meta property=\"og:url\" content=\"https:\/\/nextalgos.de\/en\/anmelden\/\" \/>\n<meta property=\"og:site_name\" content=\"nextalgos | Ihr Tor zu nachhaltig besseren Handelsergebnissen\" \/>\n<meta property=\"article:modified_time\" content=\"2025-05-19T14:23:51+00:00\" \/>\n<meta name=\"twitter:card\" content=\"summary_large_image\" \/>\n<meta name=\"twitter:site\" content=\"@new_gen_trading\" \/>\n<meta name=\"twitter:label1\" content=\"Estimated reading time\" \/>\n\t<meta name=\"twitter:data1\" content=\"1 minute\" \/>\n<script type=\"application\/ld+json\" class=\"yoast-schema-graph\">{\"@context\":\"https:\/\/schema.org\",\"@graph\":[{\"@type\":\"WebPage\",\"@id\":\"https:\/\/nextalgos.de\/anmelden\/\",\"url\":\"https:\/\/nextalgos.de\/anmelden\/\",\"name\":\"nextalgos - Anmelden f\u00fcr Fakten, Infos und Gratis-Testm\u00f6glichkeit\",\"isPartOf\":{\"@id\":\"https:\/\/nextalgos.de\/#website\"},\"datePublished\":\"2023-05-11T12:17:37+00:00\",\"dateModified\":\"2025-05-19T14:23:51+00:00\",\"description\":\"In unserem Kundenbereich erhalten Sie den detaillierten Einblick in alles Wichtige \u00fcber unsere Algo-Systeme. Jetzt kostenfrei anmelden\",\"breadcrumb\":{\"@id\":\"https:\/\/nextalgos.de\/anmelden\/#breadcrumb\"},\"inLanguage\":\"en-GB\",\"potentialAction\":[{\"@type\":\"ReadAction\",\"target\":[\"https:\/\/nextalgos.de\/anmelden\/\"]}]},{\"@type\":\"BreadcrumbList\",\"@id\":\"https:\/\/nextalgos.de\/anmelden\/#breadcrumb\",\"itemListElement\":[{\"@type\":\"ListItem\",\"position\":1,\"name\":\"Startseite\",\"item\":\"https:\/\/nextalgos.de\/\"},{\"@type\":\"ListItem\",\"position\":2,\"name\":\"Anmelden\"}]},{\"@type\":\"WebSite\",\"@id\":\"https:\/\/nextalgos.de\/#website\",\"url\":\"https:\/\/nextalgos.de\/\",\"name\":\"nextalgos | Ihr Tor zu nachhaltig besseren Handelsergebnissen\",\"description\":\"Fortschrittliche Handelssysteme auf institutionellem Niveau\",\"publisher\":{\"@id\":\"https:\/\/nextalgos.de\/#organization\"},\"alternateName\":\"New Generation Trading - automatisierte Handelssysteme\",\"potentialAction\":[{\"@type\":\"SearchAction\",\"target\":{\"@type\":\"EntryPoint\",\"urlTemplate\":\"https:\/\/nextalgos.de\/?s={search_term_string}\"},\"query-input\":{\"@type\":\"PropertyValueSpecification\",\"valueRequired\":true,\"valueName\":\"search_term_string\"}}],\"inLanguage\":\"en-GB\"},{\"@type\":\"Organization\",\"@id\":\"https:\/\/nextalgos.de\/#organization\",\"name\":\"Nextalgos\",\"url\":\"https:\/\/nextalgos.de\/\",\"logo\":{\"@type\":\"ImageObject\",\"inLanguage\":\"en-GB\",\"@id\":\"https:\/\/nextalgos.de\/#\/schema\/logo\/image\/\",\"url\":\"\",\"contentUrl\":\"\",\"caption\":\"Nextalgos\"},\"image\":{\"@id\":\"https:\/\/nextalgos.de\/#\/schema\/logo\/image\/\"},\"sameAs\":[\"https:\/\/x.com\/new_gen_trading\",\"https:\/\/www.instagram.com\/newgenerationTrading.eu\"]}]}<\/script>\n<!-- \/ Yoast SEO plugin. -->","yoast_head_json":{"title":"nextalgos - Anmelden f\u00fcr Fakten, Infos und Gratis-Testm\u00f6glichkeit","description":"In unserem Kundenbereich erhalten Sie den detaillierten Einblick in alles Wichtige \u00fcber unsere Algo-Systeme. Jetzt kostenfrei anmelden","robots":{"index":"index","follow":"follow","max-snippet":"max-snippet:-1","max-image-preview":"max-image-preview:large","max-video-preview":"max-video-preview:-1"},"canonical":"https:\/\/nextalgos.de\/en\/anmelden\/","og_locale":"en_GB","og_type":"article","og_title":"nextalgos - Anmelden f\u00fcr Fakten, Infos und Gratis-Testm\u00f6glichkeit","og_description":"In unserem Kundenbereich erhalten Sie den detaillierten Einblick in alles Wichtige \u00fcber unsere Algo-Systeme. Jetzt kostenfrei anmelden","og_url":"https:\/\/nextalgos.de\/en\/anmelden\/","og_site_name":"nextalgos | Ihr Tor zu nachhaltig besseren Handelsergebnissen","article_modified_time":"2025-05-19T14:23:51+00:00","twitter_card":"summary_large_image","twitter_site":"@new_gen_trading","twitter_misc":{"Estimated reading time":"1 minute"},"schema":{"@context":"https:\/\/schema.org","@graph":[{"@type":"WebPage","@id":"https:\/\/nextalgos.de\/anmelden\/","url":"https:\/\/nextalgos.de\/anmelden\/","name":"nextalgos - Anmelden f\u00fcr Fakten, Infos und Gratis-Testm\u00f6glichkeit","isPartOf":{"@id":"https:\/\/nextalgos.de\/#website"},"datePublished":"2023-05-11T12:17:37+00:00","dateModified":"2025-05-19T14:23:51+00:00","description":"In unserem Kundenbereich erhalten Sie den detaillierten Einblick in alles Wichtige \u00fcber unsere Algo-Systeme. Jetzt kostenfrei anmelden","breadcrumb":{"@id":"https:\/\/nextalgos.de\/anmelden\/#breadcrumb"},"inLanguage":"en-GB","potentialAction":[{"@type":"ReadAction","target":["https:\/\/nextalgos.de\/anmelden\/"]}]},{"@type":"BreadcrumbList","@id":"https:\/\/nextalgos.de\/anmelden\/#breadcrumb","itemListElement":[{"@type":"ListItem","position":1,"name":"Startseite","item":"https:\/\/nextalgos.de\/"},{"@type":"ListItem","position":2,"name":"Anmelden"}]},{"@type":"WebSite","@id":"https:\/\/nextalgos.de\/#website","url":"https:\/\/nextalgos.de\/","name":"nextalgos | Ihr Tor zu nachhaltig besseren Handelsergebnissen","description":"Fortschrittliche Handelssysteme auf institutionellem Niveau","publisher":{"@id":"https:\/\/nextalgos.de\/#organization"},"alternateName":"New Generation Trading - automatisierte Handelssysteme","potentialAction":[{"@type":"SearchAction","target":{"@type":"EntryPoint","urlTemplate":"https:\/\/nextalgos.de\/?s={search_term_string}"},"query-input":{"@type":"PropertyValueSpecification","valueRequired":true,"valueName":"search_term_string"}}],"inLanguage":"en-GB"},{"@type":"Organization","@id":"https:\/\/nextalgos.de\/#organization","name":"Nextalgos","url":"https:\/\/nextalgos.de\/","logo":{"@type":"ImageObject","inLanguage":"en-GB","@id":"https:\/\/nextalgos.de\/#\/schema\/logo\/image\/","url":"","contentUrl":"","caption":"Nextalgos"},"image":{"@id":"https:\/\/nextalgos.de\/#\/schema\/logo\/image\/"},"sameAs":["https:\/\/x.com\/new_gen_trading","https:\/\/www.instagram.com\/newgenerationTrading.eu"]}]}},"jetpack_sharing_enabled":true,"_links":{"self":[{"href":"https:\/\/nextalgos.de\/en\/wp-json\/wp\/v2\/pages\/3563"}],"collection":[{"href":"https:\/\/nextalgos.de\/en\/wp-json\/wp\/v2\/pages"}],"about":[{"href":"https:\/\/nextalgos.de\/en\/wp-json\/wp\/v2\/types\/page"}],"author":[{"embeddable":true,"href":"https:\/\/nextalgos.de\/en\/wp-json\/wp\/v2\/users\/1"}],"replies":[{"embeddable":true,"href":"https:\/\/nextalgos.de\/en\/wp-json\/wp\/v2\/comments?post=3563"}],"version-history":[{"count":22,"href":"https:\/\/nextalgos.de\/en\/wp-json\/wp\/v2\/pages\/3563\/revisions"}],"predecessor-version":[{"id":5826,"href":"https:\/\/nextalgos.de\/en\/wp-json\/wp\/v2\/pages\/3563\/revisions\/5826"}],"wp:attachment":[{"href":"https:\/\/nextalgos.de\/en\/wp-json\/wp\/v2\/media?parent=3563"}],"curies":[{"name":"wp","href":"https:\/\/api.w.org\/{rel}","templated":true}]}}