{"id":3660,"date":"2023-05-26T16:39:04","date_gmt":"2023-05-26T14:39:04","guid":{"rendered":"https:\/\/newgenerationtrading.eu\/?page_id=3660"},"modified":"2024-12-11T21:43:30","modified_gmt":"2024-12-11T20:43:30","slug":"die-vorteile-algosystem-test","status":"publish","type":"page","link":"https:\/\/nextalgos.de\/en\/die-vorteile-algosystem-test\/","title":{"rendered":"Vorteile eines Algosystem-Test"},"content":{"rendered":"<p><div class=\"fusion-fullwidth fullwidth-box fusion-builder-row-1 fusion-flex-container nonhundred-percent-fullwidth non-hundred-percent-height-scrolling\" style=\"--awb-border-radius-top-left:0px;--awb-border-radius-top-right:0px;--awb-border-radius-bottom-right:0px;--awb-border-radius-bottom-left:0px;--awb-flex-wrap:wrap;\" ><div class=\"fusion-builder-row fusion-row fusion-flex-align-items-flex-start fusion-flex-content-wrap\" style=\"max-width:1216.8px;margin-left: calc(-4% \/ 2 );margin-right: calc(-4% \/ 2 );\"><div class=\"fusion-layout-column fusion_builder_column fusion-builder-column-0 fusion_builder_column_1_1 1_1 fusion-flex-column\" style=\"--awb-bg-size:cover;--awb-width-large:100%;--awb-margin-top-large:0px;--awb-spacing-right-large:1.92%;--awb-margin-bottom-large:20px;--awb-spacing-left-large:1.92%;--awb-width-medium:100%;--awb-order-medium:0;--awb-spacing-right-medium:1.92%;--awb-spacing-left-medium:1.92%;--awb-width-small:100%;--awb-order-small:0;--awb-spacing-right-small:1.92%;--awb-spacing-left-small:1.92%;\"><div class=\"fusion-column-wrapper fusion-column-has-shadow fusion-flex-justify-content-flex-start fusion-content-layout-column\"><div class=\"fusion-title title fusion-title-1 fusion-sep-none fusion-title-highlight fusion-loop-on fusion-highlight-underline fusion-title-size-one\" style=\"--awb-highlight-width:7;\" data-highlight=\"underline\"><h1 class=\"fusion-title-heading title-heading-left fusion-responsive-typography-calculated\" style=\"margin:0;--fontSize:55;line-height:1.1;\"><span class=\"fusion-highlighted-text-prefix\">Algo-Systeme unverbindlich<\/span> <span class=\"fusion-highlighted-text-wrapper\"><span class=\"fusion-highlighted-text\">kennenlernen<\/span><\/span> <span class=\"fusion-highlighted-text-postfix\"><\/span><\/h1><\/div><div class=\"fusion-text fusion-text-1\"><p><b><br \/>\n1. Umfassende Testm\u00f6glichkeit <\/b><\/p>\n<p>Nutzen Sie unser Angebot die Algo-Systeme nach einer <a href=\"https:\/\/nextalgos.de\/en\/anmelden\/\">Anmeldung im Kundenbereich<\/a> zu testen.<br \/>\nDiese transparente und unverbindliche Vorgehensweise gibt Ihnen die M\u00f6glichkeit unsere Tools und Algo-Systeme unter realen Bedingungen auszuprobieren und die tats\u00e4chliche Performance der Handelsstrategie zu bewerten. Sie erhalten einen echten und besseren Eindruck der Software und erm\u00f6glicht es Ihnen, zu beurteilen, ob sie Ihren eigenen Anforderungen entspricht.<\/p>\n<p><b>2. Begrenztes Kapitalrisiko<\/b><\/p>\n<p>W\u00e4hrend der Testphase k\u00f6nnen Sie den Kapitaleinsatz selbst bestimmen. Wir empfehlen jedoch kleine Handelseins\u00e4tze wie z.B. 1000-2000 \u20ac. Diese Betr\u00e4ge reichen bereits aus, um unsere Algo-Systeme auszuprobieren und ihre Leistungsf\u00e4higkeit zu testen, ohne ein gro\u00dfes finanzielles Risiko eingehen zu m\u00fcssen.<\/p>\n<p><b>3. Kostenkontrolle und Flexibilit\u00e4t<\/b><\/p>\n<p>Durch die Testphase haben Sie die M\u00f6glichkeit, die Software auf Herz und Nieren auszuprobieren. Die Testphase wird Ihnen von uns kostenfrei bei einem Broker Ihrer Wahl bereitgestellt. Sollten Sie Hilfe bei der Brokerwahl ben\u00f6tigen, erhalten Sie <a href=\"https:\/\/nextalgos.de\/en\/brokerwahl\/\">HIER<\/a> mehr Informationen.<\/p>\n<\/div><div class=\"fusion-title title fusion-title-2 fusion-sep-none fusion-title-text fusion-title-size-two\" style=\"--awb-margin-top:20px;\"><h2 class=\"fusion-title-heading title-heading-left fusion-responsive-typography-calculated\" style=\"margin:0;--fontSize:30;line-height:1.1;\"><\/h2><\/div><\/div><\/div><div class=\"fusion-layout-column fusion_builder_column fusion-builder-column-1 fusion_builder_column_1_1 1_1 fusion-flex-column\" style=\"--awb-bg-size:cover;--awb-width-large:100%;--awb-margin-top-large:0px;--awb-spacing-right-large:1.92%;--awb-margin-bottom-large:20px;--awb-spacing-left-large:1.92%;--awb-width-medium:100%;--awb-order-medium:0;--awb-spacing-right-medium:1.92%;--awb-spacing-left-medium:1.92%;--awb-width-small:100%;--awb-order-small:0;--awb-spacing-right-small:1.92%;--awb-spacing-left-small:1.92%;\"><div class=\"fusion-column-wrapper fusion-column-has-shadow fusion-flex-justify-content-flex-start fusion-content-layout-column\"><div class=\"fusion-title title fusion-title-3 fusion-sep-none fusion-title-text fusion-title-size-four\"><h4 class=\"fusion-title-heading title-heading-left fusion-responsive-typography-calculated\" style=\"margin:0;--fontSize:20;--minFontSize:20;line-height:1.5;\"><h1><strong>Weitere Vorteile eines unverbindlichen Tests<\/strong><\/h1><\/h4><\/div><div class=\"fusion-text fusion-text-2\"><div>\n<p><b>4. Echte Ergebnisse unter realen Bedingungen.<\/b><\/p>\n<p>Auch wenn Tests gerne auf Demo- oder virutellen Konten durchgef\u00fchrt werden, sollten Sie mit Kleinstkapital auf realen Konten testen. Dies erm\u00f6glicht es Ihnen, die Performance des Algo-Systems unter realen Marktbedingungen zu bewerten und die tats\u00e4chlichen Handelsergebnisse zu sehen.<br \/>\nIm Vergleich zu Tests mit Demokonten bietet dies eine verl\u00e4sslichere Grundlage f\u00fcr die Entscheidungsfindung und erzeugt ein<br \/>\nh\u00f6heres Ma\u00df an Vertrauen in die Leistung des Algo-Systems.<\/p>\n<p><b>5. Kundenorientierung und Kundenzufriedenheit.<\/b><\/p>\n<p>Durch die Bereitstellung einer Testm\u00f6glichkeit zeigen wir eine hohe Kundenorientierung und ein starkes Interesse an der Zufriedenheit unserer Kunden. Die Testphase erm\u00f6glicht es den Anwendern, die Software umfassend zu testen und eine fundierte Entscheidung zu treffen, ob sie zuk\u00fcnftig mit dieser arbeiten wollen. Dabei steht Ihnen w\u00e4hrend der Testphase unser Kundenservice vollumf\u00e4nglich zur Verf\u00fcgung und begleitet Sie w\u00e4hrend des Tests.<\/p>\n<\/div>\n<p>Wir sind davon \u00fcberzeugt, dass Sie von den Vorteilen des algo-gest\u00fctzten B\u00f6rsenhandels \u00fcberzeugt sein werden.<\/p>\n<\/div><\/div><\/div><\/div><\/div><div class=\"fusion-fullwidth fullwidth-box fusion-builder-row-2 fusion-flex-container has-pattern-background has-mask-background nonhundred-percent-fullwidth non-hundred-percent-height-scrolling\" style=\"--awb-border-radius-top-left:0px;--awb-border-radius-top-right:0px;--awb-border-radius-bottom-right:0px;--awb-border-radius-bottom-left:0px;--awb-flex-wrap:wrap;\" ><div class=\"fusion-builder-row fusion-row fusion-flex-align-items-flex-start fusion-flex-content-wrap\" style=\"max-width:1216.8px;margin-left: calc(-4% \/ 2 );margin-right: calc(-4% \/ 2 );\"><div class=\"fusion-layout-column fusion_builder_column fusion-builder-column-2 fusion_builder_column_1_2 1_2 fusion-flex-column\" style=\"--awb-bg-size:cover;--awb-width-large:50%;--awb-margin-top-large:0px;--awb-spacing-right-large:3.84%;--awb-margin-bottom-large:20px;--awb-spacing-left-large:3.84%;--awb-width-medium:100%;--awb-order-medium:0;--awb-spacing-right-medium:1.92%;--awb-spacing-left-medium:1.92%;--awb-width-small:100%;--awb-order-small:0;--awb-spacing-right-small:1.92%;--awb-spacing-left-small:1.92%;\"><div class=\"fusion-column-wrapper fusion-column-has-shadow fusion-flex-justify-content-flex-start fusion-content-layout-column\"><div class=\"fusion-text fusion-text-3\"><p style=\"text-align: center;\"><b>Kooperiert Ihr Broker bereits mit uns?<\/b><\/p>\n<\/div><div style=\"text-align:center;\"><a class=\"fusion-button button-flat fusion-button-default-size button-custom fusion-button-default button-1 fusion-button-default-span fusion-button-default-type\" style=\"--button_accent_color:rgba(255,255,255,0.83);--button_accent_hover_color:#ffffff;--button_border_hover_color:#ffffff;--button_gradient_top_color:#f9c300;--button_gradient_bottom_color:#f9c300;--button_gradient_top_color_hover:var(--awb-color8);--button_gradient_bottom_color_hover:var(--awb-color8);\" target=\"_self\" href=\"https:\/\/nextalgos.de\/en\/brokerwahl\/\"><span class=\"fusion-button-text\">Hier \u00fcberpr\u00fcfen<\/span><\/a><\/div><\/div><\/div><div class=\"fusion-layout-column fusion_builder_column fusion-builder-column-3 fusion_builder_column_1_2 1_2 fusion-flex-column\" style=\"--awb-bg-size:cover;--awb-width-large:50%;--awb-margin-top-large:0px;--awb-spacing-right-large:3.84%;--awb-margin-bottom-large:20px;--awb-spacing-left-large:3.84%;--awb-width-medium:100%;--awb-order-medium:0;--awb-spacing-right-medium:1.92%;--awb-spacing-left-medium:1.92%;--awb-width-small:100%;--awb-order-small:0;--awb-spacing-right-small:1.92%;--awb-spacing-left-small:1.92%;\"><div class=\"fusion-column-wrapper fusion-column-has-shadow fusion-flex-justify-content-flex-start fusion-content-layout-column\"><div class=\"fusion-text fusion-text-4\"><p style=\"text-align: center;\"><b>Registrieren Sie sich f\u00fcr einen Algo-Test<\/b><\/p>\n<\/div><div style=\"text-align:center;\"><a class=\"fusion-button button-flat fusion-button-default-size button-custom fusion-button-default button-2 fusion-button-default-span fusion-button-default-type\" style=\"--button_accent_color:rgba(255,255,255,0.83);--button_accent_hover_color:#ffffff;--button_border_hover_color:#ffffff;--button_gradient_top_color:#f9c300;--button_gradient_bottom_color:#f9c300;--button_gradient_top_color_hover:var(--awb-color8);--button_gradient_bottom_color_hover:var(--awb-color8);\" target=\"_self\" href=\"https:\/\/nextalgos.de\/en\/anmelden\/\"><span class=\"fusion-button-text\">Hier anmelden<\/span><\/a><\/div><\/div><\/div><\/div><\/div><div class=\"fusion-fullwidth fullwidth-box fusion-builder-row-3 fusion-flex-container has-pattern-background has-mask-background nonhundred-percent-fullwidth non-hundred-percent-height-scrolling\" style=\"--awb-border-radius-top-left:0px;--awb-border-radius-top-right:0px;--awb-border-radius-bottom-right:0px;--awb-border-radius-bottom-left:0px;--awb-flex-wrap:wrap;\" ><div class=\"fusion-builder-row fusion-row fusion-flex-align-items-flex-start fusion-flex-content-wrap\" style=\"max-width:1216.8px;margin-left: calc(-4% \/ 2 );margin-right: calc(-4% \/ 2 );\"><div class=\"fusion-layout-column fusion_builder_column fusion-builder-column-4 fusion_builder_column_1_1 1_1 fusion-flex-column\" style=\"--awb-bg-size:cover;--awb-width-large:100%;--awb-margin-top-large:0px;--awb-spacing-right-large:1.92%;--awb-margin-bottom-large:20px;--awb-spacing-left-large:1.92%;--awb-width-medium:100%;--awb-order-medium:0;--awb-spacing-right-medium:1.92%;--awb-spacing-left-medium:1.92%;--awb-width-small:100%;--awb-order-small:0;--awb-spacing-right-small:1.92%;--awb-spacing-left-small:1.92%;\"><div class=\"fusion-column-wrapper fusion-column-has-shadow fusion-flex-justify-content-flex-start fusion-content-layout-column\"><div class=\"fusion-text fusion-text-5\"><p>Bei Fragen kontaktieren Sie uns bitte per E-Mail unter <a href=\"mailto:info@nextalgos.de\">info@nextalgos.de<\/a>.<\/p>\n<p>Buchen Sie gerne ein Erstgespr\u00e4ch mit einem Kollegen des Teams: <a href=\"https:\/\/nextalgos.de\/en\/erstgespraech\/\" target=\"_blank\" rel=\"noopener noreferrer\">Zur <\/a><a href=\"https:\/\/nextalgos.de\/en\/erstgespraech\/\" target=\"_blank\" rel=\"noopener noreferrer\">Terminierung<\/a><\/p>\n<p>Wir freuen uns auf Ihre Kontaktaufnahme.<\/p>\n<p>Mit freundlichen Gr\u00fc\u00dfen<\/p>\n<p>Ihr Team von Nextalgos<\/p>\n<\/div>\n<\/div><\/div><\/div><\/div><\/p>","protected":false},"excerpt":{"rendered":"","protected":false},"author":1,"featured_media":0,"parent":0,"menu_order":0,"comment_status":"closed","ping_status":"closed","template":"","meta":{"pmpro_default_level":"","footnotes":""},"class_list":["post-3660","page","type-page","status-publish","hentry","pmpro-has-access"],"yoast_head":"<!-- This site is optimized with the Yoast SEO plugin v23.4 - https:\/\/yoast.com\/wordpress\/plugins\/seo\/ -->\n<title>Vorteile eines Algosystem-Test - nextalgos | Ihr Tor zu nachhaltig besseren Handelsergebnissen<\/title>\n<meta name=\"description\" content=\"Starten Sie mit einem kostenlosen Test unserer Algosysteme. Professioneller Handel f\u00fcr Privatanleger und Investoren\" \/>\n<meta name=\"robots\" content=\"index, follow, max-snippet:-1, max-image-preview:large, max-video-preview:-1\" \/>\n<link rel=\"canonical\" href=\"https:\/\/nextalgos.de\/en\/die-vorteile-algosystem-test\/\" \/>\n<meta property=\"og:locale\" content=\"en_GB\" \/>\n<meta property=\"og:type\" content=\"article\" \/>\n<meta property=\"og:title\" content=\"Vorteile eines Algosystem-Test - nextalgos | Ihr Tor zu nachhaltig besseren Handelsergebnissen\" \/>\n<meta property=\"og:description\" content=\"Starten Sie mit einem kostenlosen Test unserer Algosysteme. Professioneller Handel f\u00fcr Privatanleger und Investoren\" \/>\n<meta property=\"og:url\" content=\"https:\/\/nextalgos.de\/en\/die-vorteile-algosystem-test\/\" \/>\n<meta property=\"og:site_name\" content=\"nextalgos | Ihr Tor zu nachhaltig besseren Handelsergebnissen\" \/>\n<meta property=\"article:modified_time\" content=\"2024-12-11T20:43:30+00:00\" \/>\n<meta name=\"twitter:card\" content=\"summary_large_image\" \/>\n<meta name=\"twitter:site\" content=\"@new_gen_trading\" \/>\n<meta name=\"twitter:label1\" content=\"Estimated reading time\" \/>\n\t<meta name=\"twitter:data1\" content=\"2 minutes\" \/>\n<script type=\"application\/ld+json\" class=\"yoast-schema-graph\">{\"@context\":\"https:\/\/schema.org\",\"@graph\":[{\"@type\":\"WebPage\",\"@id\":\"https:\/\/nextalgos.de\/die-vorteile-algosystem-test\/\",\"url\":\"https:\/\/nextalgos.de\/die-vorteile-algosystem-test\/\",\"name\":\"Vorteile eines Algosystem-Test - nextalgos | Ihr Tor zu nachhaltig besseren Handelsergebnissen\",\"isPartOf\":{\"@id\":\"https:\/\/nextalgos.de\/#website\"},\"datePublished\":\"2023-05-26T14:39:04+00:00\",\"dateModified\":\"2024-12-11T20:43:30+00:00\",\"description\":\"Starten Sie mit einem kostenlosen Test unserer Algosysteme. Professioneller Handel f\u00fcr Privatanleger und Investoren\",\"breadcrumb\":{\"@id\":\"https:\/\/nextalgos.de\/die-vorteile-algosystem-test\/#breadcrumb\"},\"inLanguage\":\"en-GB\",\"potentialAction\":[{\"@type\":\"ReadAction\",\"target\":[\"https:\/\/nextalgos.de\/die-vorteile-algosystem-test\/\"]}]},{\"@type\":\"BreadcrumbList\",\"@id\":\"https:\/\/nextalgos.de\/die-vorteile-algosystem-test\/#breadcrumb\",\"itemListElement\":[{\"@type\":\"ListItem\",\"position\":1,\"name\":\"Startseite\",\"item\":\"https:\/\/nextalgos.de\/\"},{\"@type\":\"ListItem\",\"position\":2,\"name\":\"Vorteile eines Algosystem-Test\"}]},{\"@type\":\"WebSite\",\"@id\":\"https:\/\/nextalgos.de\/#website\",\"url\":\"https:\/\/nextalgos.de\/\",\"name\":\"nextalgos | Ihr Tor zu nachhaltig besseren Handelsergebnissen\",\"description\":\"Fortschrittliche Handelssysteme auf institutionellem Niveau\",\"publisher\":{\"@id\":\"https:\/\/nextalgos.de\/#organization\"},\"alternateName\":\"New Generation Trading - automatisierte Handelssysteme\",\"potentialAction\":[{\"@type\":\"SearchAction\",\"target\":{\"@type\":\"EntryPoint\",\"urlTemplate\":\"https:\/\/nextalgos.de\/?s={search_term_string}\"},\"query-input\":{\"@type\":\"PropertyValueSpecification\",\"valueRequired\":true,\"valueName\":\"search_term_string\"}}],\"inLanguage\":\"en-GB\"},{\"@type\":\"Organization\",\"@id\":\"https:\/\/nextalgos.de\/#organization\",\"name\":\"Nextalgos\",\"url\":\"https:\/\/nextalgos.de\/\",\"logo\":{\"@type\":\"ImageObject\",\"inLanguage\":\"en-GB\",\"@id\":\"https:\/\/nextalgos.de\/#\/schema\/logo\/image\/\",\"url\":\"\",\"contentUrl\":\"\",\"caption\":\"Nextalgos\"},\"image\":{\"@id\":\"https:\/\/nextalgos.de\/#\/schema\/logo\/image\/\"},\"sameAs\":[\"https:\/\/x.com\/new_gen_trading\",\"https:\/\/www.instagram.com\/newgenerationTrading.eu\"]}]}<\/script>\n<!-- \/ Yoast SEO plugin. -->","yoast_head_json":{"title":"Vorteile eines Algosystem-Test - nextalgos | Ihr Tor zu nachhaltig besseren Handelsergebnissen","description":"Starten Sie mit einem kostenlosen Test unserer Algosysteme. Professioneller Handel f\u00fcr Privatanleger und Investoren","robots":{"index":"index","follow":"follow","max-snippet":"max-snippet:-1","max-image-preview":"max-image-preview:large","max-video-preview":"max-video-preview:-1"},"canonical":"https:\/\/nextalgos.de\/en\/die-vorteile-algosystem-test\/","og_locale":"en_GB","og_type":"article","og_title":"Vorteile eines Algosystem-Test - nextalgos | Ihr Tor zu nachhaltig besseren Handelsergebnissen","og_description":"Starten Sie mit einem kostenlosen Test unserer Algosysteme. Professioneller Handel f\u00fcr Privatanleger und Investoren","og_url":"https:\/\/nextalgos.de\/en\/die-vorteile-algosystem-test\/","og_site_name":"nextalgos | Ihr Tor zu nachhaltig besseren Handelsergebnissen","article_modified_time":"2024-12-11T20:43:30+00:00","twitter_card":"summary_large_image","twitter_site":"@new_gen_trading","twitter_misc":{"Estimated reading time":"2 minutes"},"schema":{"@context":"https:\/\/schema.org","@graph":[{"@type":"WebPage","@id":"https:\/\/nextalgos.de\/die-vorteile-algosystem-test\/","url":"https:\/\/nextalgos.de\/die-vorteile-algosystem-test\/","name":"Vorteile eines Algosystem-Test - nextalgos | Ihr Tor zu nachhaltig besseren Handelsergebnissen","isPartOf":{"@id":"https:\/\/nextalgos.de\/#website"},"datePublished":"2023-05-26T14:39:04+00:00","dateModified":"2024-12-11T20:43:30+00:00","description":"Starten Sie mit einem kostenlosen Test unserer Algosysteme. Professioneller Handel f\u00fcr Privatanleger und Investoren","breadcrumb":{"@id":"https:\/\/nextalgos.de\/die-vorteile-algosystem-test\/#breadcrumb"},"inLanguage":"en-GB","potentialAction":[{"@type":"ReadAction","target":["https:\/\/nextalgos.de\/die-vorteile-algosystem-test\/"]}]},{"@type":"BreadcrumbList","@id":"https:\/\/nextalgos.de\/die-vorteile-algosystem-test\/#breadcrumb","itemListElement":[{"@type":"ListItem","position":1,"name":"Startseite","item":"https:\/\/nextalgos.de\/"},{"@type":"ListItem","position":2,"name":"Vorteile eines Algosystem-Test"}]},{"@type":"WebSite","@id":"https:\/\/nextalgos.de\/#website","url":"https:\/\/nextalgos.de\/","name":"nextalgos | Ihr Tor zu nachhaltig besseren Handelsergebnissen","description":"Fortschrittliche Handelssysteme auf institutionellem Niveau","publisher":{"@id":"https:\/\/nextalgos.de\/#organization"},"alternateName":"New Generation Trading - automatisierte Handelssysteme","potentialAction":[{"@type":"SearchAction","target":{"@type":"EntryPoint","urlTemplate":"https:\/\/nextalgos.de\/?s={search_term_string}"},"query-input":{"@type":"PropertyValueSpecification","valueRequired":true,"valueName":"search_term_string"}}],"inLanguage":"en-GB"},{"@type":"Organization","@id":"https:\/\/nextalgos.de\/#organization","name":"Nextalgos","url":"https:\/\/nextalgos.de\/","logo":{"@type":"ImageObject","inLanguage":"en-GB","@id":"https:\/\/nextalgos.de\/#\/schema\/logo\/image\/","url":"","contentUrl":"","caption":"Nextalgos"},"image":{"@id":"https:\/\/nextalgos.de\/#\/schema\/logo\/image\/"},"sameAs":["https:\/\/x.com\/new_gen_trading","https:\/\/www.instagram.com\/newgenerationTrading.eu"]}]}},"jetpack_sharing_enabled":true,"_links":{"self":[{"href":"https:\/\/nextalgos.de\/en\/wp-json\/wp\/v2\/pages\/3660"}],"collection":[{"href":"https:\/\/nextalgos.de\/en\/wp-json\/wp\/v2\/pages"}],"about":[{"href":"https:\/\/nextalgos.de\/en\/wp-json\/wp\/v2\/types\/page"}],"author":[{"embeddable":true,"href":"https:\/\/nextalgos.de\/en\/wp-json\/wp\/v2\/users\/1"}],"replies":[{"embeddable":true,"href":"https:\/\/nextalgos.de\/en\/wp-json\/wp\/v2\/comments?post=3660"}],"version-history":[{"count":17,"href":"https:\/\/nextalgos.de\/en\/wp-json\/wp\/v2\/pages\/3660\/revisions"}],"predecessor-version":[{"id":5626,"href":"https:\/\/nextalgos.de\/en\/wp-json\/wp\/v2\/pages\/3660\/revisions\/5626"}],"wp:attachment":[{"href":"https:\/\/nextalgos.de\/en\/wp-json\/wp\/v2\/media?parent=3660"}],"curies":[{"name":"wp","href":"https:\/\/api.w.org\/{rel}","templated":true}]}}