{"id":3693,"date":"2023-06-08T10:53:51","date_gmt":"2023-06-08T08:53:51","guid":{"rendered":"https:\/\/newgenerationtrading.eu\/?page_id=3693"},"modified":"2025-02-04T19:34:34","modified_gmt":"2025-02-04T18:34:34","slug":"erstgespraech","status":"publish","type":"page","link":"https:\/\/nextalgos.de\/en\/erstgespraech\/","title":{"rendered":"Erstgespr\u00e4ch"},"content":{"rendered":"<p><div class=\"fusion-fullwidth fullwidth-box fusion-builder-row-1 fusion-flex-container has-pattern-background has-mask-background nonhundred-percent-fullwidth non-hundred-percent-height-scrolling\" style=\"--awb-border-radius-top-left:0px;--awb-border-radius-top-right:0px;--awb-border-radius-bottom-right:0px;--awb-border-radius-bottom-left:0px;--awb-padding-top-small:0px;--awb-padding-bottom-small:0px;--awb-margin-top-small:0px;--awb-margin-bottom-small:0px;--awb-background-color:#f9c300;--awb-flex-wrap:wrap;\" ><div class=\"fusion-builder-row fusion-row fusion-flex-align-items-flex-start fusion-flex-content-wrap\" style=\"max-width:1216.8px;margin-left: calc(-4% \/ 2 );margin-right: calc(-4% \/ 2 );\"><div class=\"fusion-layout-column fusion_builder_column fusion-builder-column-0 fusion_builder_column_1_1 1_1 fusion-flex-column\" style=\"--awb-padding-top:100px;--awb-padding-bottom:20px;--awb-padding-top-small:60.983px;--awb-bg-size:cover;--awb-width-large:100%;--awb-margin-top-large:0px;--awb-spacing-right-large:1.92%;--awb-margin-bottom-large:20px;--awb-spacing-left-large:1.92%;--awb-width-medium:100%;--awb-order-medium:0;--awb-spacing-right-medium:1.92%;--awb-spacing-left-medium:1.92%;--awb-width-small:100%;--awb-order-small:0;--awb-spacing-right-small:1.92%;--awb-spacing-left-small:1.92%;\"><div class=\"fusion-column-wrapper fusion-column-has-shadow fusion-flex-justify-content-flex-start fusion-content-layout-column\"><div class=\"fusion-title title fusion-title-1 fusion-sep-none fusion-title-text fusion-title-size-one\" style=\"--awb-text-color:#ffffff;--awb-font-size:49.5px;\"><h1 class=\"fusion-title-heading title-heading-left fusion-responsive-typography-calculated\" style=\"margin:0;font-size:1em;--fontSize:49.5;line-height:1.1;\"><h1 class=\"fusion-responsive-typography-calculated\" data-fontsize=\"55\" data-lineheight=\"82.5px\">Kostenloses Erstgespr\u00e4ch anfordern<\/h1><\/h1><\/div><div class=\"fusion-text fusion-text-1\" style=\"--awb-font-size:27px;--awb-line-height:1.2;--awb-text-color:#ffffff;\"><p>Unser kompetentes Team von nextalgos\u2122 steht Ihnen zur Seite!<\/p>\n<\/div><\/div><\/div><\/div><\/div><div class=\"fusion-fullwidth fullwidth-box fusion-builder-row-2 fusion-flex-container has-pattern-background has-mask-background nonhundred-percent-fullwidth non-hundred-percent-height-scrolling\" style=\"--awb-border-radius-top-left:0px;--awb-border-radius-top-right:0px;--awb-border-radius-bottom-right:0px;--awb-border-radius-bottom-left:0px;--awb-padding-right-small:15px;--awb-padding-left-small:15px;--awb-flex-wrap:wrap;\" ><div class=\"fusion-builder-row fusion-row fusion-flex-align-items-flex-start fusion-flex-content-wrap\" style=\"max-width:1216.8px;margin-left: calc(-4% \/ 2 );margin-right: calc(-4% \/ 2 );\"><div class=\"fusion-layout-column fusion_builder_column fusion-builder-column-1 fusion_builder_column_1_1 1_1 fusion-flex-column\" style=\"--awb-padding-top:20px;--awb-padding-right:20px;--awb-padding-bottom:20px;--awb-padding-left:20px;--awb-padding-right-small:10px;--awb-padding-left-small:10px;--awb-overflow:hidden;--awb-bg-color:#f9f9f9;--awb-bg-color-hover:#f9f9f9;--awb-bg-size:cover;--awb-border-radius:12px 12px 12px 12px;--awb-width-large:100%;--awb-margin-top-large:80px;--awb-spacing-right-large:1.92%;--awb-margin-bottom-large:80px;--awb-spacing-left-large:1.92%;--awb-width-medium:100%;--awb-order-medium:0;--awb-spacing-right-medium:1.92%;--awb-spacing-left-medium:1.92%;--awb-width-small:100%;--awb-order-small:0;--awb-spacing-right-small:1.92%;--awb-spacing-left-small:1.92%;\"><div class=\"fusion-column-wrapper fusion-column-has-shadow fusion-flex-justify-content-flex-start fusion-content-layout-column\"><div class=\"fusion-builder-row fusion-builder-row-inner fusion-row fusion-flex-align-items-flex-start fusion-flex-content-wrap\" style=\"width:104% !important;max-width:104% !important;margin-left: calc(-4% \/ 2 );margin-right: calc(-4% \/ 2 );\"><div class=\"fusion-layout-column fusion_builder_column_inner fusion-builder-nested-column-0 fusion_builder_column_inner_1_1 1_1 fusion-flex-column\" style=\"--awb-padding-top:20px;--awb-bg-size:cover;--awb-width-large:100%;--awb-margin-top-large:0px;--awb-spacing-right-large:1.92%;--awb-margin-bottom-large:20px;--awb-spacing-left-large:1.92%;--awb-width-medium:100%;--awb-order-medium:0;--awb-spacing-right-medium:1.92%;--awb-spacing-left-medium:1.92%;--awb-width-small:100%;--awb-order-small:0;--awb-spacing-right-small:1.92%;--awb-spacing-left-small:1.92%;\"><div class=\"fusion-column-wrapper fusion-column-has-shadow fusion-flex-justify-content-flex-start fusion-content-layout-column\"><div class=\"fusion-text fusion-text-2\"><p style=\"text-align: center;\"><span style=\"font-size: 30px; letter-spacing: 1px;\">Buchen Sie ein unverbindliches Infogespr\u00e4ch<\/span><\/p>\n<\/div><\/div><\/div><\/div><div class=\"fusion-builder-row fusion-builder-row-inner fusion-row fusion-flex-align-items-flex-start fusion-flex-content-wrap\" style=\"width:104% !important;max-width:104% !important;margin-left: calc(-4% \/ 2 );margin-right: calc(-4% \/ 2 );\"><div class=\"fusion-layout-column fusion_builder_column_inner fusion-builder-nested-column-1 fusion_builder_column_inner_1_3 1_3 fusion-flex-column\" style=\"--awb-bg-size:cover;--awb-width-large:33.333333333333%;--awb-margin-top-large:0px;--awb-spacing-right-large:5.76%;--awb-margin-bottom-large:20px;--awb-spacing-left-large:5.76%;--awb-width-medium:100%;--awb-order-medium:0;--awb-spacing-right-medium:1.92%;--awb-spacing-left-medium:1.92%;--awb-width-small:100%;--awb-order-small:0;--awb-spacing-right-small:1.92%;--awb-spacing-left-small:1.92%;\"><div class=\"fusion-column-wrapper fusion-column-has-shadow fusion-flex-justify-content-flex-start fusion-content-layout-column\"><i class=\"fb-icon-element-1 fb-icon-element fontawesome-icon icon-numbersone circle-yes\" style=\"--awb-circlebordersize:1px;--awb-font-size:35.2px;--awb-width:70.4px;--awb-height:70.4px;--awb-line-height:68.4px;--awb-margin-top:0;--awb-margin-right:0;--awb-margin-bottom:0;--awb-margin-left:0;--awb-align-self:center;\"><\/i><div class=\"fusion-text fusion-text-3\" style=\"--awb-margin-top:20px;\"><p style=\"text-align: center;\">W\u00e4hlen Sie einen freien Termin im Kalender aus und geben Sie Ihre Kontaktdaten an.<\/p>\n<\/div><\/div><\/div><div class=\"fusion-layout-column fusion_builder_column_inner fusion-builder-nested-column-2 fusion_builder_column_inner_1_3 1_3 fusion-flex-column\" style=\"--awb-bg-size:cover;--awb-width-large:33.333333333333%;--awb-margin-top-large:0px;--awb-spacing-right-large:5.76%;--awb-margin-bottom-large:20px;--awb-spacing-left-large:5.76%;--awb-width-medium:100%;--awb-order-medium:0;--awb-spacing-right-medium:1.92%;--awb-spacing-left-medium:1.92%;--awb-width-small:100%;--awb-order-small:0;--awb-spacing-right-small:1.92%;--awb-spacing-left-small:1.92%;\"><div class=\"fusion-column-wrapper fusion-column-has-shadow fusion-flex-justify-content-flex-start fusion-content-layout-column\"><i class=\"fb-icon-element-2 fb-icon-element fontawesome-icon icon-numberstwo circle-yes\" style=\"--awb-circlebordersize:1px;--awb-font-size:35.2px;--awb-width:70.4px;--awb-height:70.4px;--awb-line-height:68.4px;--awb-margin-top:0;--awb-margin-right:0;--awb-margin-bottom:0;--awb-margin-left:0;--awb-align-self:center;\"><\/i><div class=\"fusion-text fusion-text-4\" style=\"--awb-margin-top:20px;\"><p style=\"text-align: center;\">Einer unserer Mitarbeiter wird Sie telefonisch kontaktieren und Sie zu Ihrem Anliegen befragen.<\/p>\n<\/div><\/div><\/div><div class=\"fusion-layout-column fusion_builder_column_inner fusion-builder-nested-column-3 fusion_builder_column_inner_1_3 1_3 fusion-flex-column\" style=\"--awb-bg-size:cover;--awb-width-large:33.333333333333%;--awb-margin-top-large:0px;--awb-spacing-right-large:5.76%;--awb-margin-bottom-large:20px;--awb-spacing-left-large:5.76%;--awb-width-medium:100%;--awb-order-medium:0;--awb-spacing-right-medium:1.92%;--awb-spacing-left-medium:1.92%;--awb-width-small:100%;--awb-order-small:0;--awb-spacing-right-small:1.92%;--awb-spacing-left-small:1.92%;\"><div class=\"fusion-column-wrapper fusion-column-has-shadow fusion-flex-justify-content-flex-start fusion-content-layout-column\"><i class=\"fb-icon-element-3 fb-icon-element fontawesome-icon icon-numbersthree circle-yes\" style=\"--awb-circlebordersize:1px;--awb-font-size:35.2px;--awb-width:70.4px;--awb-height:70.4px;--awb-line-height:68.4px;--awb-margin-top:0;--awb-margin-right:0;--awb-margin-bottom:0;--awb-margin-left:0;--awb-align-self:center;\"><\/i><div class=\"fusion-text fusion-text-5\" style=\"--awb-margin-top:20px;\"><p style=\"text-align: center;\">Gemeinsam mit Ihnen wird ein Termin f\u00fcr Ihr kostenloses Erstgespr\u00e4ch koordiniert.<\/p>\n<\/div><\/div><\/div><\/div><div class=\"fusion-builder-row fusion-builder-row-inner fusion-row fusion-flex-align-items-flex-start fusion-flex-content-wrap\" style=\"width:104% !important;max-width:104% !important;margin-left: calc(-4% \/ 2 );margin-right: calc(-4% \/ 2 );\"><div class=\"fusion-layout-column fusion_builder_column_inner fusion-builder-nested-column-4 fusion_builder_column_inner_1_1 1_1 fusion-flex-column\" style=\"--awb-bg-size:cover;--awb-width-large:100%;--awb-margin-top-large:0px;--awb-spacing-right-large:1.92%;--awb-margin-bottom-large:20px;--awb-spacing-left-large:1.92%;--awb-width-medium:100%;--awb-order-medium:0;--awb-spacing-right-medium:1.92%;--awb-spacing-left-medium:1.92%;--awb-width-small:100%;--awb-order-small:0;--awb-spacing-right-small:1.92%;--awb-spacing-left-small:1.92%;\"><div class=\"fusion-column-wrapper fusion-column-has-shadow fusion-flex-justify-content-flex-start fusion-content-layout-column\"><!-- Calendly Inline-Widget Beginn -->\n<div class=\"calendly-inline-widget\" data-url=\"https:\/\/calendly.com\/nextalgos-info\/30min\" style=\"min-width:100%;height:700px;\"><\/div>\n<script type=\"text\/javascript\" src=\"https:\/\/assets.calendly.com\/assets\/external\/widget.js\" async><\/script>\n<!-- Calendly Inline-Widget Ende --><\/div><\/div><\/div><\/div><\/div><\/div><\/div><\/p>","protected":false},"excerpt":{"rendered":"","protected":false},"author":1,"featured_media":0,"parent":0,"menu_order":0,"comment_status":"closed","ping_status":"closed","template":"100-width.php","meta":{"pmpro_default_level":"","footnotes":""},"class_list":["post-3693","page","type-page","status-publish","hentry","pmpro-has-access"],"yoast_head":"<!-- This site is optimized with the Yoast SEO plugin v23.4 - https:\/\/yoast.com\/wordpress\/plugins\/seo\/ -->\n<title>Erstgespr\u00e4ch - nextalgos | Ihr Tor zu nachhaltig besseren Handelsergebnissen<\/title>\n<meta name=\"description\" content=\"Kostenloses Erstgespr\u00e4ch anfordern - Lernen Sie Nextalgos f\u00fcr nachhaltig besseren Handel kennen - Professionelles Algotrading\" \/>\n<meta name=\"robots\" content=\"index, follow, max-snippet:-1, max-image-preview:large, max-video-preview:-1\" \/>\n<link rel=\"canonical\" href=\"https:\/\/nextalgos.de\/en\/erstgespraech\/\" \/>\n<meta property=\"og:locale\" content=\"en_GB\" \/>\n<meta property=\"og:type\" content=\"article\" \/>\n<meta property=\"og:title\" content=\"Erstgespr\u00e4ch - nextalgos | Ihr Tor zu nachhaltig besseren Handelsergebnissen\" \/>\n<meta property=\"og:description\" content=\"Kostenloses Erstgespr\u00e4ch anfordern - Lernen Sie Nextalgos f\u00fcr nachhaltig besseren Handel kennen - Professionelles Algotrading\" \/>\n<meta property=\"og:url\" content=\"https:\/\/nextalgos.de\/en\/erstgespraech\/\" \/>\n<meta property=\"og:site_name\" content=\"nextalgos | Ihr Tor zu nachhaltig besseren Handelsergebnissen\" \/>\n<meta property=\"article:modified_time\" content=\"2025-02-04T18:34:34+00:00\" \/>\n<meta name=\"twitter:card\" content=\"summary_large_image\" \/>\n<meta name=\"twitter:site\" content=\"@new_gen_trading\" \/>\n<meta name=\"twitter:label1\" content=\"Estimated reading time\" \/>\n\t<meta name=\"twitter:data1\" content=\"1 minute\" \/>\n<script type=\"application\/ld+json\" class=\"yoast-schema-graph\">{\"@context\":\"https:\/\/schema.org\",\"@graph\":[{\"@type\":\"WebPage\",\"@id\":\"https:\/\/nextalgos.de\/erstgespraech\/\",\"url\":\"https:\/\/nextalgos.de\/erstgespraech\/\",\"name\":\"Erstgespr\u00e4ch - nextalgos | Ihr Tor zu nachhaltig besseren Handelsergebnissen\",\"isPartOf\":{\"@id\":\"https:\/\/nextalgos.de\/#website\"},\"datePublished\":\"2023-06-08T08:53:51+00:00\",\"dateModified\":\"2025-02-04T18:34:34+00:00\",\"description\":\"Kostenloses Erstgespr\u00e4ch anfordern - Lernen Sie Nextalgos f\u00fcr nachhaltig besseren Handel kennen - Professionelles Algotrading\",\"breadcrumb\":{\"@id\":\"https:\/\/nextalgos.de\/erstgespraech\/#breadcrumb\"},\"inLanguage\":\"en-GB\",\"potentialAction\":[{\"@type\":\"ReadAction\",\"target\":[\"https:\/\/nextalgos.de\/erstgespraech\/\"]}]},{\"@type\":\"BreadcrumbList\",\"@id\":\"https:\/\/nextalgos.de\/erstgespraech\/#breadcrumb\",\"itemListElement\":[{\"@type\":\"ListItem\",\"position\":1,\"name\":\"Startseite\",\"item\":\"https:\/\/nextalgos.de\/\"},{\"@type\":\"ListItem\",\"position\":2,\"name\":\"Erstgespr\u00e4ch\"}]},{\"@type\":\"WebSite\",\"@id\":\"https:\/\/nextalgos.de\/#website\",\"url\":\"https:\/\/nextalgos.de\/\",\"name\":\"nextalgos | Ihr Tor zu nachhaltig besseren Handelsergebnissen\",\"description\":\"Fortschrittliche Handelssysteme auf institutionellem Niveau\",\"publisher\":{\"@id\":\"https:\/\/nextalgos.de\/#organization\"},\"alternateName\":\"New Generation Trading - automatisierte Handelssysteme\",\"potentialAction\":[{\"@type\":\"SearchAction\",\"target\":{\"@type\":\"EntryPoint\",\"urlTemplate\":\"https:\/\/nextalgos.de\/?s={search_term_string}\"},\"query-input\":{\"@type\":\"PropertyValueSpecification\",\"valueRequired\":true,\"valueName\":\"search_term_string\"}}],\"inLanguage\":\"en-GB\"},{\"@type\":\"Organization\",\"@id\":\"https:\/\/nextalgos.de\/#organization\",\"name\":\"Nextalgos\",\"url\":\"https:\/\/nextalgos.de\/\",\"logo\":{\"@type\":\"ImageObject\",\"inLanguage\":\"en-GB\",\"@id\":\"https:\/\/nextalgos.de\/#\/schema\/logo\/image\/\",\"url\":\"\",\"contentUrl\":\"\",\"caption\":\"Nextalgos\"},\"image\":{\"@id\":\"https:\/\/nextalgos.de\/#\/schema\/logo\/image\/\"},\"sameAs\":[\"https:\/\/x.com\/new_gen_trading\",\"https:\/\/www.instagram.com\/newgenerationTrading.eu\"]}]}<\/script>\n<!-- \/ Yoast SEO plugin. -->","yoast_head_json":{"title":"Erstgespr\u00e4ch - nextalgos | Ihr Tor zu nachhaltig besseren Handelsergebnissen","description":"Kostenloses Erstgespr\u00e4ch anfordern - Lernen Sie Nextalgos f\u00fcr nachhaltig besseren Handel kennen - Professionelles Algotrading","robots":{"index":"index","follow":"follow","max-snippet":"max-snippet:-1","max-image-preview":"max-image-preview:large","max-video-preview":"max-video-preview:-1"},"canonical":"https:\/\/nextalgos.de\/en\/erstgespraech\/","og_locale":"en_GB","og_type":"article","og_title":"Erstgespr\u00e4ch - nextalgos | Ihr Tor zu nachhaltig besseren Handelsergebnissen","og_description":"Kostenloses Erstgespr\u00e4ch anfordern - Lernen Sie Nextalgos f\u00fcr nachhaltig besseren Handel kennen - Professionelles Algotrading","og_url":"https:\/\/nextalgos.de\/en\/erstgespraech\/","og_site_name":"nextalgos | Ihr Tor zu nachhaltig besseren Handelsergebnissen","article_modified_time":"2025-02-04T18:34:34+00:00","twitter_card":"summary_large_image","twitter_site":"@new_gen_trading","twitter_misc":{"Estimated reading time":"1 minute"},"schema":{"@context":"https:\/\/schema.org","@graph":[{"@type":"WebPage","@id":"https:\/\/nextalgos.de\/erstgespraech\/","url":"https:\/\/nextalgos.de\/erstgespraech\/","name":"Erstgespr\u00e4ch - nextalgos | Ihr Tor zu nachhaltig besseren Handelsergebnissen","isPartOf":{"@id":"https:\/\/nextalgos.de\/#website"},"datePublished":"2023-06-08T08:53:51+00:00","dateModified":"2025-02-04T18:34:34+00:00","description":"Kostenloses Erstgespr\u00e4ch anfordern - Lernen Sie Nextalgos f\u00fcr nachhaltig besseren Handel kennen - Professionelles Algotrading","breadcrumb":{"@id":"https:\/\/nextalgos.de\/erstgespraech\/#breadcrumb"},"inLanguage":"en-GB","potentialAction":[{"@type":"ReadAction","target":["https:\/\/nextalgos.de\/erstgespraech\/"]}]},{"@type":"BreadcrumbList","@id":"https:\/\/nextalgos.de\/erstgespraech\/#breadcrumb","itemListElement":[{"@type":"ListItem","position":1,"name":"Startseite","item":"https:\/\/nextalgos.de\/"},{"@type":"ListItem","position":2,"name":"Erstgespr\u00e4ch"}]},{"@type":"WebSite","@id":"https:\/\/nextalgos.de\/#website","url":"https:\/\/nextalgos.de\/","name":"nextalgos | Ihr Tor zu nachhaltig besseren Handelsergebnissen","description":"Fortschrittliche Handelssysteme auf institutionellem Niveau","publisher":{"@id":"https:\/\/nextalgos.de\/#organization"},"alternateName":"New Generation Trading - automatisierte Handelssysteme","potentialAction":[{"@type":"SearchAction","target":{"@type":"EntryPoint","urlTemplate":"https:\/\/nextalgos.de\/?s={search_term_string}"},"query-input":{"@type":"PropertyValueSpecification","valueRequired":true,"valueName":"search_term_string"}}],"inLanguage":"en-GB"},{"@type":"Organization","@id":"https:\/\/nextalgos.de\/#organization","name":"Nextalgos","url":"https:\/\/nextalgos.de\/","logo":{"@type":"ImageObject","inLanguage":"en-GB","@id":"https:\/\/nextalgos.de\/#\/schema\/logo\/image\/","url":"","contentUrl":"","caption":"Nextalgos"},"image":{"@id":"https:\/\/nextalgos.de\/#\/schema\/logo\/image\/"},"sameAs":["https:\/\/x.com\/new_gen_trading","https:\/\/www.instagram.com\/newgenerationTrading.eu"]}]}},"jetpack_sharing_enabled":true,"_links":{"self":[{"href":"https:\/\/nextalgos.de\/en\/wp-json\/wp\/v2\/pages\/3693"}],"collection":[{"href":"https:\/\/nextalgos.de\/en\/wp-json\/wp\/v2\/pages"}],"about":[{"href":"https:\/\/nextalgos.de\/en\/wp-json\/wp\/v2\/types\/page"}],"author":[{"embeddable":true,"href":"https:\/\/nextalgos.de\/en\/wp-json\/wp\/v2\/users\/1"}],"replies":[{"embeddable":true,"href":"https:\/\/nextalgos.de\/en\/wp-json\/wp\/v2\/comments?post=3693"}],"version-history":[{"count":12,"href":"https:\/\/nextalgos.de\/en\/wp-json\/wp\/v2\/pages\/3693\/revisions"}],"predecessor-version":[{"id":5687,"href":"https:\/\/nextalgos.de\/en\/wp-json\/wp\/v2\/pages\/3693\/revisions\/5687"}],"wp:attachment":[{"href":"https:\/\/nextalgos.de\/en\/wp-json\/wp\/v2\/media?parent=3693"}],"curies":[{"name":"wp","href":"https:\/\/api.w.org\/{rel}","templated":true}]}}